{"id":421,"date":"2023-09-23T22:34:42","date_gmt":"2023-09-23T20:34:42","guid":{"rendered":"https:\/\/nutriwater.ultbit.com\/?page_id=421"},"modified":"2023-09-23T22:40:43","modified_gmt":"2023-09-23T20:40:43","slug":"ficha-tecnica-smile","status":"publish","type":"page","link":"https:\/\/aigua.eu\/es\/ficha-tecnica-smile\/","title":{"rendered":"Ficha t\u00e9cnica: Smile"},"content":{"rendered":"\t\t<div data-elementor-type=\"wp-page\" data-elementor-id=\"421\" class=\"elementor elementor-421\">\n\t\t\t\t\t\t\t\t\t<section class=\"elementor-section elementor-top-section elementor-element elementor-element-5af7978c elementor-section-boxed elementor-section-height-default elementor-section-height-default\" data-id=\"5af7978c\" data-element_type=\"section\" data-settings=\"{&quot;background_background&quot;:&quot;classic&quot;}\">\n\t\t\t\t\t\t\t<div class=\"elementor-background-overlay\"><\/div>\n\t\t\t\t\t\t\t<div class=\"elementor-container elementor-column-gap-default\">\n\t\t\t\t\t<div class=\"elementor-column elementor-col-100 elementor-top-column elementor-element elementor-element-4f5b9a0f\" data-id=\"4f5b9a0f\" data-element_type=\"column\">\n\t\t\t<div class=\"elementor-widget-wrap elementor-element-populated\">\n\t\t\t\t\t\t\t\t<section class=\"elementor-section elementor-inner-section elementor-element elementor-element-21f2f82d elementor-section-boxed elementor-section-height-default elementor-section-height-default\" data-id=\"21f2f82d\" data-element_type=\"section\">\n\t\t\t\t\t\t<div class=\"elementor-container elementor-column-gap-default\">\n\t\t\t\t\t<div class=\"elementor-column elementor-col-100 elementor-inner-column elementor-element elementor-element-4545ce5b\" data-id=\"4545ce5b\" data-element_type=\"column\">\n\t\t\t<div class=\"elementor-widget-wrap elementor-element-populated\">\n\t\t\t\t\t\t\t\t<div class=\"elementor-element elementor-element-29493d46 elementor-icon-list--layout-inline elementor-align-center elementor-list-item-link-full_width elementor-widget elementor-widget-icon-list\" data-id=\"29493d46\" data-element_type=\"widget\" data-widget_type=\"icon-list.default\">\n\t\t\t\t<div class=\"elementor-widget-container\">\n\t\t\t<link rel=\"stylesheet\" href=\"https:\/\/aigua.eu\/wp-content\/plugins\/elementor\/assets\/css\/widget-icon-list.min.css\">\t\t<ul class=\"elementor-icon-list-items elementor-inline-items\">\n\t\t\t\t\t\t\t<li class=\"elementor-icon-list-item elementor-inline-item\">\n\t\t\t\t\t\t\t\t\t\t<span class=\"elementor-icon-list-text\">Home<\/span>\n\t\t\t\t\t\t\t\t\t<\/li>\n\t\t\t\t\t\t\t\t<li class=\"elementor-icon-list-item elementor-inline-item\">\n\t\t\t\t\t\t\t\t\t\t\t<span class=\"elementor-icon-list-icon\">\n\t\t\t\t\t\t\t<i aria-hidden=\"true\" class=\"fas fa-chevron-circle-right\"><\/i>\t\t\t\t\t\t<\/span>\n\t\t\t\t\t\t\t\t\t\t<span class=\"elementor-icon-list-text\">Ficha t\u00e9cnica: Smile<\/span>\n\t\t\t\t\t\t\t\t\t<\/li>\n\t\t\t\t\t\t<\/ul>\n\t\t\t\t<\/div>\n\t\t\t\t<\/div>\n\t\t\t\t<div class=\"elementor-element elementor-element-1867bd13 elementor-invisible elementor-widget elementor-widget-heading\" data-id=\"1867bd13\" data-element_type=\"widget\" data-settings=\"{&quot;_animation&quot;:&quot;fadeInUp&quot;}\" data-widget_type=\"heading.default\">\n\t\t\t\t<div class=\"elementor-widget-container\">\n\t\t\t<style>\/*! elementor - v3.16.0 - 09-10-2023 *\/\n.elementor-heading-title{padding:0;margin:0;line-height:1}.elementor-widget-heading .elementor-heading-title[class*=elementor-size-]>a{color:inherit;font-size:inherit;line-height:inherit}.elementor-widget-heading .elementor-heading-title.elementor-size-small{font-size:15px}.elementor-widget-heading .elementor-heading-title.elementor-size-medium{font-size:19px}.elementor-widget-heading .elementor-heading-title.elementor-size-large{font-size:29px}.elementor-widget-heading .elementor-heading-title.elementor-size-xl{font-size:39px}.elementor-widget-heading .elementor-heading-title.elementor-size-xxl{font-size:59px}<\/style><h2 class=\"elementor-heading-title elementor-size-default\">Ficha t\u00e9cnica: Smile<\/h2>\t\t<\/div>\n\t\t\t\t<\/div>\n\t\t\t\t\t<\/div>\n\t\t<\/div>\n\t\t\t\t\t\t\t<\/div>\n\t\t<\/section>\n\t\t\t\t\t<\/div>\n\t\t<\/div>\n\t\t\t\t\t\t\t<\/div>\n\t\t<\/section>\n\t\t\t\t<section class=\"elementor-section elementor-top-section elementor-element elementor-element-6853a16 elementor-section-content-middle elementor-section-boxed elementor-section-height-default elementor-section-height-default\" data-id=\"6853a16\" data-element_type=\"section\">\n\t\t\t\t\t\t\t<div class=\"elementor-background-overlay\"><\/div>\n\t\t\t\t\t\t\t<div class=\"elementor-container elementor-column-gap-default\">\n\t\t\t\t\t<div class=\"elementor-column elementor-col-50 elementor-top-column elementor-element elementor-element-3c8994ab\" data-id=\"3c8994ab\" data-element_type=\"column\">\n\t\t\t<div class=\"elementor-widget-wrap elementor-element-populated\">\n\t\t\t\t\t\t\t\t<div class=\"elementor-element elementor-element-09e0335 elementor-widget elementor-widget-image\" data-id=\"09e0335\" data-element_type=\"widget\" data-widget_type=\"image.default\">\n\t\t\t\t<div class=\"elementor-widget-container\">\n\t\t\t<style>\/*! elementor - v3.16.0 - 09-10-2023 *\/\n.elementor-widget-image{text-align:center}.elementor-widget-image a{display:inline-block}.elementor-widget-image a img[src$=\".svg\"]{width:48px}.elementor-widget-image img{vertical-align:middle;display:inline-block}<\/style>\t\t\t\t\t\t\t\t\t\t\t\t<img loading=\"lazy\" decoding=\"async\" width=\"375\" height=\"375\" src=\"https:\/\/aigua.eu\/wp-content\/uploads\/2023\/09\/h2-1.png\" class=\"attachment-large size-large wp-image-423\" alt=\"\" srcset=\"https:\/\/aigua.eu\/wp-content\/uploads\/2023\/09\/h2-1.png 375w, https:\/\/aigua.eu\/wp-content\/uploads\/2023\/09\/h2-1-300x300.png 300w, https:\/\/aigua.eu\/wp-content\/uploads\/2023\/09\/h2-1-150x150.png 150w\" sizes=\"auto, (max-width: 375px) 100vw, 375px\" \/>\t\t\t\t\t\t\t\t\t\t\t\t\t\t\t<\/div>\n\t\t\t\t<\/div>\n\t\t\t\t\t<\/div>\n\t\t<\/div>\n\t\t\t\t<div class=\"elementor-column elementor-col-50 elementor-top-column elementor-element elementor-element-53fdb0be elementor-invisible\" data-id=\"53fdb0be\" data-element_type=\"column\" data-settings=\"{&quot;animation&quot;:&quot;fadeInLeft&quot;}\">\n\t\t\t<div class=\"elementor-widget-wrap elementor-element-populated\">\n\t\t\t\t\t\t\t\t<div class=\"elementor-element elementor-element-51d5c616 elementor-widget elementor-widget-heading\" data-id=\"51d5c616\" data-element_type=\"widget\" data-widget_type=\"heading.default\">\n\t\t\t\t<div class=\"elementor-widget-container\">\n\t\t\t<h2 class=\"elementor-heading-title elementor-size-default\">Smile<\/h2>\t\t<\/div>\n\t\t\t\t<\/div>\n\t\t\t\t<div class=\"elementor-element elementor-element-4c1e7136 elementor-widget elementor-widget-text-editor\" data-id=\"4c1e7136\" data-element_type=\"widget\" data-widget_type=\"text-editor.default\">\n\t\t\t\t<div class=\"elementor-widget-container\">\n\t\t\t<style>\/*! elementor - v3.16.0 - 09-10-2023 *\/\n.elementor-widget-text-editor.elementor-drop-cap-view-stacked .elementor-drop-cap{background-color:#69727d;color:#fff}.elementor-widget-text-editor.elementor-drop-cap-view-framed .elementor-drop-cap{color:#69727d;border:3px solid;background-color:transparent}.elementor-widget-text-editor:not(.elementor-drop-cap-view-default) .elementor-drop-cap{margin-top:8px}.elementor-widget-text-editor:not(.elementor-drop-cap-view-default) .elementor-drop-cap-letter{width:1em;height:1em}.elementor-widget-text-editor .elementor-drop-cap{float:left;text-align:center;line-height:1;font-size:50px}.elementor-widget-text-editor .elementor-drop-cap-letter{display:inline-block}<\/style>\t\t\t\t<p><strong>Smile es el resultado de un nuevo concepto<\/strong>\u00a0y dise\u00f1o concebido para dar un toque de distinci\u00f3n.<\/p><p><strong>Compacto y elegante<\/strong>, le permite tener siempre una infiltraci\u00f3n micro de agua natural, fr\u00eda y con gas.<\/p><p>Tambi\u00e9n proporciona agua caliente a 95\u00b0 al pulsar dos teclas al mismo tiempo tiene la funci\u00f3n de garantizar seguridad para los ni\u00f1os.<\/p><p><strong>Su instalaci\u00f3n es simple y adaptable a las distintas necesidades<\/strong>. Extremadamente silencioso, se puede colocar en cualquier ambiente.<\/p><p><strong>Gestionado por un microprocesador<\/strong>\u00a0que, a trav\u00e9s de sensores especiales, se\u00f1ala el fallo y detiene la operaci\u00f3n como en el caso de una fuga de agua.<\/p>\t\t\t\t\t\t<\/div>\n\t\t\t\t<\/div>\n\t\t\t\t<div class=\"elementor-element elementor-element-5e8542f8 elementor-widget elementor-widget-button\" data-id=\"5e8542f8\" data-element_type=\"widget\" data-widget_type=\"button.default\">\n\t\t\t\t<div class=\"elementor-widget-container\">\n\t\t\t\t\t<div class=\"elementor-button-wrapper\">\n\t\t\t<a class=\"elementor-button elementor-button-link elementor-size-md\" href=\"http:\/\/aigua.eu\/contacto\">\n\t\t\t\t\t\t<span class=\"elementor-button-content-wrapper\">\n\t\t\t\t\t\t<span class=\"elementor-button-text\">Cont\u00e1ctanos<\/span>\n\t\t<\/span>\n\t\t\t\t\t<\/a>\n\t\t<\/div>\n\t\t\t\t<\/div>\n\t\t\t\t<\/div>\n\t\t\t\t\t<\/div>\n\t\t<\/div>\n\t\t\t\t\t\t\t<\/div>\n\t\t<\/section>\n\t\t\t\t<section class=\"elementor-section elementor-top-section elementor-element elementor-element-962309c elementor-section-content-middle elementor-section-boxed elementor-section-height-default elementor-section-height-default\" data-id=\"962309c\" data-element_type=\"section\" data-settings=\"{&quot;background_background&quot;:&quot;classic&quot;}\">\n\t\t\t\t\t\t\t<div class=\"elementor-background-overlay\"><\/div>\n\t\t\t\t\t\t\t<div class=\"elementor-container elementor-column-gap-default\">\n\t\t\t\t\t<div class=\"elementor-column elementor-col-100 elementor-top-column elementor-element elementor-element-e234e8f elementor-invisible\" data-id=\"e234e8f\" data-element_type=\"column\" data-settings=\"{&quot;animation&quot;:&quot;fadeInLeft&quot;}\">\n\t\t\t<div class=\"elementor-widget-wrap elementor-element-populated\">\n\t\t\t\t\t\t\t\t<div class=\"elementor-element elementor-element-ac8c3f1 elementor-widget elementor-widget-accordion\" data-id=\"ac8c3f1\" data-element_type=\"widget\" data-widget_type=\"accordion.default\">\n\t\t\t\t<div class=\"elementor-widget-container\">\n\t\t\t<style>\/*! elementor - v3.16.0 - 09-10-2023 *\/\n.elementor-accordion{text-align:left}.elementor-accordion .elementor-accordion-item{border:1px solid #d5d8dc}.elementor-accordion .elementor-accordion-item+.elementor-accordion-item{border-top:none}.elementor-accordion .elementor-tab-title{margin:0;padding:15px 20px;font-weight:700;line-height:1;cursor:pointer;outline:none}.elementor-accordion .elementor-tab-title .elementor-accordion-icon{display:inline-block;width:1.5em}.elementor-accordion .elementor-tab-title .elementor-accordion-icon svg{width:1em;height:1em}.elementor-accordion .elementor-tab-title .elementor-accordion-icon.elementor-accordion-icon-right{float:right;text-align:right}.elementor-accordion .elementor-tab-title .elementor-accordion-icon.elementor-accordion-icon-left{float:left;text-align:left}.elementor-accordion .elementor-tab-title .elementor-accordion-icon .elementor-accordion-icon-closed{display:block}.elementor-accordion .elementor-tab-title .elementor-accordion-icon .elementor-accordion-icon-opened,.elementor-accordion .elementor-tab-title.elementor-active .elementor-accordion-icon-closed{display:none}.elementor-accordion .elementor-tab-title.elementor-active .elementor-accordion-icon-opened{display:block}.elementor-accordion .elementor-tab-content{display:none;padding:15px 20px;border-top:1px solid #d5d8dc}@media (max-width:767px){.elementor-accordion .elementor-tab-title{padding:12px 15px}.elementor-accordion .elementor-tab-title .elementor-accordion-icon{width:1.2em}.elementor-accordion .elementor-tab-content{padding:7px 15px}}.e-con-inner>.elementor-widget-accordion,.e-con>.elementor-widget-accordion{width:var(--container-widget-width);--flex-grow:var(--container-widget-flex-grow)}<\/style>\t\t<div class=\"elementor-accordion\">\n\t\t\t\t\t\t\t<div class=\"elementor-accordion-item\">\n\t\t\t\t\t<div id=\"elementor-tab-title-1801\" class=\"elementor-tab-title\" data-tab=\"1\" role=\"button\" aria-controls=\"elementor-tab-content-1801\" aria-expanded=\"false\">\n\t\t\t\t\t\t\t\t\t\t\t\t\t<span class=\"elementor-accordion-icon elementor-accordion-icon-left\" aria-hidden=\"true\">\n\t\t\t\t\t\t\t\t\t\t\t\t\t\t\t<span class=\"elementor-accordion-icon-closed\"><i class=\"fas fa-plus\"><\/i><\/span>\n\t\t\t\t\t\t\t\t<span class=\"elementor-accordion-icon-opened\"><i class=\"fas fa-minus\"><\/i><\/span>\n\t\t\t\t\t\t\t\t\t\t\t\t\t\t<\/span>\n\t\t\t\t\t\t\t\t\t\t\t\t<a class=\"elementor-accordion-title\" tabindex=\"0\">DATOS T\u00c9CNICOS<\/a>\n\t\t\t\t\t<\/div>\n\t\t\t\t\t<div id=\"elementor-tab-content-1801\" class=\"elementor-tab-content elementor-clearfix\" data-tab=\"1\" role=\"region\" aria-labelledby=\"elementor-tab-title-1801\"><p>FUENTE DE ALIMENTACI\u00d3N\u00a0\u2026\u2026\u2026\u2026\u2026\u2026\u2026\u2026..<\/p><p>CONSUMO M\u00c1XIMO DE ENERG\u00cdA\u00a0\u2026\u2026\u2026\u2026\u2026\u2026\u2026\u2026..<\/p><p>TEMPERATURA DE TRABAJO\u00a0\u2026\u2026\u2026\u2026\u2026\u2026\u2026\u2026..<\/p><p>POTENCIA DEL COMPRESOR\u00a0\u2026\u2026\u2026\u2026\u2026\u2026\u2026\u2026..<\/p><p>CANTIDAD DE GAS REFRIGERANTE\u00a0\u2026\u2026\u2026\u2026\u2026\u2026\u2026\u2026..<\/p><p>SISTEMA CARBONATACI\u00d3N\u00a0\u2026\u2026\u2026\u2026\u2026\u2026\u2026\u2026..<\/p><p>TEMPERATURA DEL AGUA\u00a0\u2026\u2026\u2026\u2026\u2026\u2026\u2026\u2026..<\/p><p>PRODUCCI\u00d3N AGUA FR\u00cdA Y CARBONATADA\u00a0\u2026\u2026\u2026\u2026\u2026\u2026\u2026\u2026..<\/p><p>PRESI\u00d3N H2O MIN. \u2013 M\u00c1X.\u00a0\u2026\u2026\u2026\u2026\u2026\u2026\u2026\u2026..<\/p><p>PRESI\u00d3N CO2 MIN. \u2013 MAX.\u00a0\u2026\u2026\u2026\u2026\u2026\u2026\u2026\u2026..<\/p><p>CONTROLADOR DE FUNCIONES\u00a0\u2026\u2026\u2026\u2026\u2026\u2026\u2026\u2026..<\/p><p>ESTRUCTURA \u2026\u2026\u2026\u2026\u2026\u2026\u2026\u2026..<\/p><p>PESO CON EMBALAJE\u00a0\u2026\u2026\u2026\u2026\u2026\u2026\u2026\u2026..<\/p><p>MEDIDAS DISPENSADOR anchoxaltoxprofundidad\u00a0\u2026\u2026\u2026\u2026\u2026\u2026\u2026\u2026..<\/p><p><img loading=\"lazy\" decoding=\"async\" class=\"alignnone size-medium wp-image-425\" src=\"http:\/\/aigua.eu\/wp-content\/uploads\/2023\/09\/iconos2-300x54.png\" alt=\"\" width=\"300\" height=\"54\" srcset=\"https:\/\/aigua.eu\/wp-content\/uploads\/2023\/09\/iconos2-300x54.png 300w, https:\/\/aigua.eu\/wp-content\/uploads\/2023\/09\/iconos2.png 332w\" sizes=\"auto, (max-width: 300px) 100vw, 300px\" \/><\/p><\/div>\n\t\t\t\t<\/div>\n\t\t\t\t\t\t\t<div class=\"elementor-accordion-item\">\n\t\t\t\t\t<div id=\"elementor-tab-title-1802\" class=\"elementor-tab-title\" data-tab=\"2\" role=\"button\" aria-controls=\"elementor-tab-content-1802\" aria-expanded=\"false\">\n\t\t\t\t\t\t\t\t\t\t\t\t\t<span class=\"elementor-accordion-icon elementor-accordion-icon-left\" aria-hidden=\"true\">\n\t\t\t\t\t\t\t\t\t\t\t\t\t\t\t<span class=\"elementor-accordion-icon-closed\"><i class=\"fas fa-plus\"><\/i><\/span>\n\t\t\t\t\t\t\t\t<span class=\"elementor-accordion-icon-opened\"><i class=\"fas fa-minus\"><\/i><\/span>\n\t\t\t\t\t\t\t\t\t\t\t\t\t\t<\/span>\n\t\t\t\t\t\t\t\t\t\t\t\t<a class=\"elementor-accordion-title\" tabindex=\"0\">CARACTER\u00cdSTICAS<\/a>\n\t\t\t\t\t<\/div>\n\t\t\t\t\t<div id=\"elementor-tab-content-1802\" class=\"elementor-tab-content elementor-clearfix\" data-tab=\"2\" role=\"region\" aria-labelledby=\"elementor-tab-title-1802\"><p>\u00b7 PRODUCCI\u00d3N 16L\/HORA<\/p><p>\u00b7 ELECTR\u00d3NICA: SI<\/p><p>\u00b7 TIPO DE AGUA:\u00a0TEMPERATURA REGULABLE Y CON GAS<\/p><p>\u00b7 CONTROL ELECTR\u00d3NICO CON AVISADOR DE MANTENIMIENTO<\/p><p>220-230 \u2013 50Hz \u2013 monofase<\/p><p>230W \u2013 3,6A<\/p><p>10-32\u00ba C<\/p><p>Herm\u00e9tico 65W<\/p><p>R134a 40 g<\/p><p>Saturador 4 L<\/p><p>Ajustable de 2\u00ba a 8\u00ba C<\/p><p>16 L\/h<\/p><p>150-400 kPa (1.5-4 bar)<\/p><p>350-600 kPa (3.5-6 bar)<\/p><p>Sensor de control de filtros<\/p><p>Pl\u00e1stico reciclable<\/p><p>18 Kg<\/p><p>240x420x370 mm<\/p><\/div>\n\t\t\t\t<\/div>\n\t\t\t\t\t\t\t\t<\/div>\n\t\t\t\t<\/div>\n\t\t\t\t<\/div>\n\t\t\t\t\t<\/div>\n\t\t<\/div>\n\t\t\t\t\t\t\t<\/div>\n\t\t<\/section>\n\t\t\t\t\t\t\t<\/div>\n\t\t","protected":false},"excerpt":{"rendered":"<p>Home Smile Smile es el resultado de un nuevo concepto\u00a0y dise\u00f1o concebido para dar un toque de distinci\u00f3n. Compacto y elegante, le permite tener siempre una infiltraci\u00f3n micro de agua natural, fr\u00eda y con gas. Tambi\u00e9n proporciona agua caliente a 95\u00b0 al pulsar dos teclas al mismo tiempo tiene la funci\u00f3n de garantizar seguridad para&hellip;&nbsp;<a href=\"https:\/\/aigua.eu\/es\/ficha-tecnica-smile\/\" class=\"\" rel=\"bookmark\">Leer m\u00e1s &raquo;<span class=\"screen-reader-text\">Ficha t\u00e9cnica: Smile<\/span><\/a><\/p>\n","protected":false},"author":1,"featured_media":0,"parent":0,"menu_order":0,"comment_status":"closed","ping_status":"closed","template":"page-templates\/template-pagebuilder-full-width.php","meta":{"neve_meta_sidebar":"","neve_meta_container":"","neve_meta_enable_content_width":"off","neve_meta_content_width":100,"neve_meta_title_alignment":"","neve_meta_author_avatar":"","neve_post_elements_order":"","neve_meta_disable_header":"","neve_meta_disable_footer":"","neve_meta_disable_title":"","footnotes":""},"class_list":["post-421","page","type-page","status-publish","hentry"],"yoast_head":"<!-- This site is optimized with the Yoast SEO plugin v21.4 - https:\/\/yoast.com\/wordpress\/plugins\/seo\/ -->\n<title>Ficha t\u00e9cnica: Smile - Aigua | Transforma tu agua para un hogar m\u00e1s saludable<\/title>\n<meta name=\"robots\" content=\"index, follow, max-snippet:-1, max-image-preview:large, max-video-preview:-1\" \/>\n<link rel=\"canonical\" href=\"https:\/\/aigua.eu\/es\/ficha-tecnica-smile\/\" \/>\n<meta property=\"og:locale\" content=\"es_ES\" \/>\n<meta property=\"og:type\" content=\"article\" \/>\n<meta property=\"og:title\" content=\"Ficha t\u00e9cnica: Smile - Aigua | Transforma tu agua para un hogar m\u00e1s saludable\" \/>\n<meta property=\"og:description\" content=\"Home Smile Smile es el resultado de un nuevo concepto\u00a0y dise\u00f1o concebido para dar un toque de distinci\u00f3n. Compacto y elegante, le permite tener siempre una infiltraci\u00f3n micro de agua natural, fr\u00eda y con gas. Tambi\u00e9n proporciona agua caliente a 95\u00b0 al pulsar dos teclas al mismo tiempo tiene la funci\u00f3n de garantizar seguridad para&hellip;&nbsp;Leer m\u00e1s &raquo;Ficha t\u00e9cnica: Smile\" \/>\n<meta property=\"og:url\" content=\"https:\/\/aigua.eu\/es\/ficha-tecnica-smile\/\" \/>\n<meta property=\"og:site_name\" content=\"Aigua | Transforma tu agua para un hogar m\u00e1s saludable\" \/>\n<meta property=\"article:modified_time\" content=\"2023-09-23T20:40:43+00:00\" \/>\n<meta property=\"og:image\" content=\"http:\/\/aigua.eu\/wp-content\/uploads\/2023\/09\/h2-1.png\" \/>\n<meta name=\"twitter:card\" content=\"summary_large_image\" \/>\n<meta name=\"twitter:label1\" content=\"Tiempo de lectura\" \/>\n\t<meta name=\"twitter:data1\" content=\"1 minuto\" \/>\n<script type=\"application\/ld+json\" class=\"yoast-schema-graph\">{\"@context\":\"https:\/\/schema.org\",\"@graph\":[{\"@type\":\"WebPage\",\"@id\":\"https:\/\/aigua.eu\/es\/ficha-tecnica-smile\/\",\"url\":\"https:\/\/aigua.eu\/es\/ficha-tecnica-smile\/\",\"name\":\"Ficha t\u00e9cnica: Smile - Aigua | Transforma tu agua para un hogar m\u00e1s saludable\",\"isPartOf\":{\"@id\":\"https:\/\/aigua.eu\/es\/#website\"},\"datePublished\":\"2023-09-23T20:34:42+00:00\",\"dateModified\":\"2023-09-23T20:40:43+00:00\",\"breadcrumb\":{\"@id\":\"https:\/\/aigua.eu\/es\/ficha-tecnica-smile\/#breadcrumb\"},\"inLanguage\":\"es\",\"potentialAction\":[{\"@type\":\"ReadAction\",\"target\":[\"https:\/\/aigua.eu\/es\/ficha-tecnica-smile\/\"]}]},{\"@type\":\"BreadcrumbList\",\"@id\":\"https:\/\/aigua.eu\/es\/ficha-tecnica-smile\/#breadcrumb\",\"itemListElement\":[{\"@type\":\"ListItem\",\"position\":1,\"name\":\"Portada\",\"item\":\"https:\/\/aigua.eu\/\"},{\"@type\":\"ListItem\",\"position\":2,\"name\":\"Ficha t\u00e9cnica: Smile\"}]},{\"@type\":\"WebSite\",\"@id\":\"https:\/\/aigua.eu\/es\/#website\",\"url\":\"https:\/\/aigua.eu\/es\/\",\"name\":\"Aigua | Transforma tu agua para un hogar m\u00e1s saludable\",\"description\":\"Conf\u00eda en Aigua para la b\u00fasqueda de agua m\u00e1s limpia y saludable para tu hogar. En un mundo donde el acceso a agua de calidad es esencial, estamos aqu\u00ed para brindarte soluciones de vanguardia en m\u00e1quinas de tratamiento de agua dise\u00f1adas espec\u00edficamente para uso dom\u00e9stico.\",\"potentialAction\":[{\"@type\":\"SearchAction\",\"target\":{\"@type\":\"EntryPoint\",\"urlTemplate\":\"https:\/\/aigua.eu\/es\/?s={search_term_string}\"},\"query-input\":\"required name=search_term_string\"}],\"inLanguage\":\"es\"}]}<\/script>\n<!-- \/ Yoast SEO plugin. -->","yoast_head_json":{"title":"Ficha t\u00e9cnica: Smile - Aigua | Transforma tu agua para un hogar m\u00e1s saludable","robots":{"index":"index","follow":"follow","max-snippet":"max-snippet:-1","max-image-preview":"max-image-preview:large","max-video-preview":"max-video-preview:-1"},"canonical":"https:\/\/aigua.eu\/es\/ficha-tecnica-smile\/","og_locale":"es_ES","og_type":"article","og_title":"Ficha t\u00e9cnica: Smile - Aigua | Transforma tu agua para un hogar m\u00e1s saludable","og_description":"Home Smile Smile es el resultado de un nuevo concepto\u00a0y dise\u00f1o concebido para dar un toque de distinci\u00f3n. Compacto y elegante, le permite tener siempre una infiltraci\u00f3n micro de agua natural, fr\u00eda y con gas. Tambi\u00e9n proporciona agua caliente a 95\u00b0 al pulsar dos teclas al mismo tiempo tiene la funci\u00f3n de garantizar seguridad para&hellip;&nbsp;Leer m\u00e1s &raquo;Ficha t\u00e9cnica: Smile","og_url":"https:\/\/aigua.eu\/es\/ficha-tecnica-smile\/","og_site_name":"Aigua | Transforma tu agua para un hogar m\u00e1s saludable","article_modified_time":"2023-09-23T20:40:43+00:00","og_image":[{"url":"http:\/\/aigua.eu\/wp-content\/uploads\/2023\/09\/h2-1.png"}],"twitter_card":"summary_large_image","twitter_misc":{"Tiempo de lectura":"1 minuto"},"schema":{"@context":"https:\/\/schema.org","@graph":[{"@type":"WebPage","@id":"https:\/\/aigua.eu\/es\/ficha-tecnica-smile\/","url":"https:\/\/aigua.eu\/es\/ficha-tecnica-smile\/","name":"Ficha t\u00e9cnica: Smile - Aigua | Transforma tu agua para un hogar m\u00e1s saludable","isPartOf":{"@id":"https:\/\/aigua.eu\/es\/#website"},"datePublished":"2023-09-23T20:34:42+00:00","dateModified":"2023-09-23T20:40:43+00:00","breadcrumb":{"@id":"https:\/\/aigua.eu\/es\/ficha-tecnica-smile\/#breadcrumb"},"inLanguage":"es","potentialAction":[{"@type":"ReadAction","target":["https:\/\/aigua.eu\/es\/ficha-tecnica-smile\/"]}]},{"@type":"BreadcrumbList","@id":"https:\/\/aigua.eu\/es\/ficha-tecnica-smile\/#breadcrumb","itemListElement":[{"@type":"ListItem","position":1,"name":"Portada","item":"https:\/\/aigua.eu\/"},{"@type":"ListItem","position":2,"name":"Ficha t\u00e9cnica: Smile"}]},{"@type":"WebSite","@id":"https:\/\/aigua.eu\/es\/#website","url":"https:\/\/aigua.eu\/es\/","name":"Aigua | Transforma tu agua para un hogar m\u00e1s saludable","description":"Conf\u00eda en Aigua para la b\u00fasqueda de agua m\u00e1s limpia y saludable para tu hogar. En un mundo donde el acceso a agua de calidad es esencial, estamos aqu\u00ed para brindarte soluciones de vanguardia en m\u00e1quinas de tratamiento de agua dise\u00f1adas espec\u00edficamente para uso dom\u00e9stico.","potentialAction":[{"@type":"SearchAction","target":{"@type":"EntryPoint","urlTemplate":"https:\/\/aigua.eu\/es\/?s={search_term_string}"},"query-input":"required name=search_term_string"}],"inLanguage":"es"}]}},"_links":{"self":[{"href":"https:\/\/aigua.eu\/es\/wp-json\/wp\/v2\/pages\/421","targetHints":{"allow":["GET"]}}],"collection":[{"href":"https:\/\/aigua.eu\/es\/wp-json\/wp\/v2\/pages"}],"about":[{"href":"https:\/\/aigua.eu\/es\/wp-json\/wp\/v2\/types\/page"}],"author":[{"embeddable":true,"href":"https:\/\/aigua.eu\/es\/wp-json\/wp\/v2\/users\/1"}],"replies":[{"embeddable":true,"href":"https:\/\/aigua.eu\/es\/wp-json\/wp\/v2\/comments?post=421"}],"version-history":[{"count":4,"href":"https:\/\/aigua.eu\/es\/wp-json\/wp\/v2\/pages\/421\/revisions"}],"predecessor-version":[{"id":428,"href":"https:\/\/aigua.eu\/es\/wp-json\/wp\/v2\/pages\/421\/revisions\/428"}],"wp:attachment":[{"href":"https:\/\/aigua.eu\/es\/wp-json\/wp\/v2\/media?parent=421"}],"curies":[{"name":"wp","href":"https:\/\/api.w.org\/{rel}","templated":true}]}}