{"id":190,"date":"2023-09-23T15:14:50","date_gmt":"2023-09-23T13:14:50","guid":{"rendered":"https:\/\/nutriwater.ultbit.com\/?page_id=190"},"modified":"2023-09-23T15:18:06","modified_gmt":"2023-09-23T13:18:06","slug":"responsabilidad-social","status":"publish","type":"page","link":"https:\/\/aigua.eu\/es\/responsabilidad-social\/","title":{"rendered":"Responsabilidad social"},"content":{"rendered":"\t\t<div data-elementor-type=\"wp-page\" data-elementor-id=\"190\" class=\"elementor elementor-190\">\n\t\t\t\t\t\t\t\t\t<section class=\"elementor-section elementor-top-section elementor-element elementor-element-3a517abd elementor-section-boxed elementor-section-height-default elementor-section-height-default\" data-id=\"3a517abd\" data-element_type=\"section\" data-settings=\"{&quot;background_background&quot;:&quot;classic&quot;}\">\n\t\t\t\t\t\t\t<div class=\"elementor-background-overlay\"><\/div>\n\t\t\t\t\t\t\t<div class=\"elementor-container elementor-column-gap-default\">\n\t\t\t\t\t<div class=\"elementor-column elementor-col-100 elementor-top-column elementor-element elementor-element-700faa66\" data-id=\"700faa66\" data-element_type=\"column\">\n\t\t\t<div class=\"elementor-widget-wrap elementor-element-populated\">\n\t\t\t\t\t\t\t\t<div class=\"elementor-element elementor-element-35d2a11a elementor-absolute elementor-invisible elementor-widget elementor-widget-heading\" data-id=\"35d2a11a\" data-element_type=\"widget\" data-settings=\"{&quot;_position&quot;:&quot;absolute&quot;,&quot;_animation&quot;:&quot;zoomIn&quot;}\" data-widget_type=\"heading.default\">\n\t\t\t\t<div class=\"elementor-widget-container\">\n\t\t\t<style>\/*! elementor - v3.16.0 - 09-10-2023 *\/\n.elementor-heading-title{padding:0;margin:0;line-height:1}.elementor-widget-heading .elementor-heading-title[class*=elementor-size-]>a{color:inherit;font-size:inherit;line-height:inherit}.elementor-widget-heading .elementor-heading-title.elementor-size-small{font-size:15px}.elementor-widget-heading .elementor-heading-title.elementor-size-medium{font-size:19px}.elementor-widget-heading .elementor-heading-title.elementor-size-large{font-size:29px}.elementor-widget-heading .elementor-heading-title.elementor-size-xl{font-size:39px}.elementor-widget-heading .elementor-heading-title.elementor-size-xxl{font-size:59px}<\/style><div class=\"elementor-heading-title elementor-size-default\">Responsabilidad social<\/div>\t\t<\/div>\n\t\t\t\t<\/div>\n\t\t\t\t<section class=\"elementor-section elementor-inner-section elementor-element elementor-element-a61f7e5 elementor-section-boxed elementor-section-height-default elementor-section-height-default\" data-id=\"a61f7e5\" data-element_type=\"section\">\n\t\t\t\t\t\t<div class=\"elementor-container elementor-column-gap-default\">\n\t\t\t\t\t<div class=\"elementor-column elementor-col-100 elementor-inner-column elementor-element elementor-element-14ecbb08\" data-id=\"14ecbb08\" data-element_type=\"column\">\n\t\t\t<div class=\"elementor-widget-wrap elementor-element-populated\">\n\t\t\t\t\t\t\t\t<div class=\"elementor-element elementor-element-5d65a9dd elementor-icon-list--layout-inline elementor-align-center elementor-list-item-link-full_width elementor-widget elementor-widget-icon-list\" data-id=\"5d65a9dd\" data-element_type=\"widget\" data-widget_type=\"icon-list.default\">\n\t\t\t\t<div class=\"elementor-widget-container\">\n\t\t\t<link rel=\"stylesheet\" href=\"https:\/\/aigua.eu\/wp-content\/plugins\/elementor\/assets\/css\/widget-icon-list.min.css\">\t\t<ul class=\"elementor-icon-list-items elementor-inline-items\">\n\t\t\t\t\t\t\t<li class=\"elementor-icon-list-item elementor-inline-item\">\n\t\t\t\t\t\t\t\t\t\t<span class=\"elementor-icon-list-text\">Home<\/span>\n\t\t\t\t\t\t\t\t\t<\/li>\n\t\t\t\t\t\t\t\t<li class=\"elementor-icon-list-item elementor-inline-item\">\n\t\t\t\t\t\t\t\t\t\t\t<span class=\"elementor-icon-list-icon\">\n\t\t\t\t\t\t\t<i aria-hidden=\"true\" class=\"fas fa-chevron-circle-right\"><\/i>\t\t\t\t\t\t<\/span>\n\t\t\t\t\t\t\t\t\t\t<span class=\"elementor-icon-list-text\">Responsabilidad social<\/span>\n\t\t\t\t\t\t\t\t\t<\/li>\n\t\t\t\t\t\t<\/ul>\n\t\t\t\t<\/div>\n\t\t\t\t<\/div>\n\t\t\t\t<div class=\"elementor-element elementor-element-77e81336 elementor-invisible elementor-widget elementor-widget-heading\" data-id=\"77e81336\" data-element_type=\"widget\" data-settings=\"{&quot;_animation&quot;:&quot;fadeInUp&quot;}\" data-widget_type=\"heading.default\">\n\t\t\t\t<div class=\"elementor-widget-container\">\n\t\t\t<h1 class=\"elementor-heading-title elementor-size-default\">Responsabilidad social<\/h1>\t\t<\/div>\n\t\t\t\t<\/div>\n\t\t\t\t\t<\/div>\n\t\t<\/div>\n\t\t\t\t\t\t\t<\/div>\n\t\t<\/section>\n\t\t\t\t\t<\/div>\n\t\t<\/div>\n\t\t\t\t\t\t\t<\/div>\n\t\t<\/section>\n\t\t\t\t<section class=\"elementor-section elementor-top-section elementor-element elementor-element-659624ba elementor-reverse-mobile elementor-section-boxed elementor-section-height-default elementor-section-height-default\" data-id=\"659624ba\" data-element_type=\"section\">\n\t\t\t\t\t\t<div class=\"elementor-container elementor-column-gap-default\">\n\t\t\t\t\t<div class=\"elementor-column elementor-col-50 elementor-top-column elementor-element elementor-element-365f37aa elementor-invisible\" data-id=\"365f37aa\" data-element_type=\"column\" data-settings=\"{&quot;animation&quot;:&quot;fadeInLeft&quot;}\">\n\t\t\t<div class=\"elementor-widget-wrap elementor-element-populated\">\n\t\t\t\t\t\t\t\t<div class=\"elementor-element elementor-element-12829877 elementor-widget elementor-widget-image\" data-id=\"12829877\" data-element_type=\"widget\" data-widget_type=\"image.default\">\n\t\t\t\t<div class=\"elementor-widget-container\">\n\t\t\t<style>\/*! elementor - v3.16.0 - 09-10-2023 *\/\n.elementor-widget-image{text-align:center}.elementor-widget-image a{display:inline-block}.elementor-widget-image a img[src$=\".svg\"]{width:48px}.elementor-widget-image img{vertical-align:middle;display:inline-block}<\/style>\t\t\t\t\t\t\t\t\t\t\t\t<img loading=\"lazy\" decoding=\"async\" width=\"1920\" height=\"1080\" src=\"https:\/\/aigua.eu\/wp-content\/uploads\/2023\/09\/RESPONSABILIDAD-SOCIAL.jpg\" class=\"attachment-full size-full wp-image-131\" alt=\"\" srcset=\"https:\/\/aigua.eu\/wp-content\/uploads\/2023\/09\/RESPONSABILIDAD-SOCIAL.jpg 1920w, https:\/\/aigua.eu\/wp-content\/uploads\/2023\/09\/RESPONSABILIDAD-SOCIAL-300x169.jpg 300w, https:\/\/aigua.eu\/wp-content\/uploads\/2023\/09\/RESPONSABILIDAD-SOCIAL-1024x576.jpg 1024w, https:\/\/aigua.eu\/wp-content\/uploads\/2023\/09\/RESPONSABILIDAD-SOCIAL-768x432.jpg 768w, https:\/\/aigua.eu\/wp-content\/uploads\/2023\/09\/RESPONSABILIDAD-SOCIAL-1536x864.jpg 1536w\" sizes=\"auto, (max-width: 1920px) 100vw, 1920px\" \/>\t\t\t\t\t\t\t\t\t\t\t\t\t\t\t<\/div>\n\t\t\t\t<\/div>\n\t\t\t\t\t<\/div>\n\t\t<\/div>\n\t\t\t\t<div class=\"elementor-column elementor-col-50 elementor-top-column elementor-element elementor-element-d769ac0 elementor-invisible\" data-id=\"d769ac0\" data-element_type=\"column\" data-settings=\"{&quot;background_background&quot;:&quot;classic&quot;,&quot;animation&quot;:&quot;fadeInRight&quot;}\">\n\t\t\t<div class=\"elementor-widget-wrap elementor-element-populated\">\n\t\t\t\t\t\t\t\t<div class=\"elementor-element elementor-element-ce4f07a elementor-widget elementor-widget-heading\" data-id=\"ce4f07a\" data-element_type=\"widget\" data-widget_type=\"heading.default\">\n\t\t\t\t<div class=\"elementor-widget-container\">\n\t\t\t<h6 class=\"elementor-heading-title elementor-size-default\">PROYECTOS<\/h6>\t\t<\/div>\n\t\t\t\t<\/div>\n\t\t\t\t<div class=\"elementor-element elementor-element-aec2026 elementor-widget elementor-widget-heading\" data-id=\"aec2026\" data-element_type=\"widget\" data-widget_type=\"heading.default\">\n\t\t\t\t<div class=\"elementor-widget-container\">\n\t\t\t<h3 class=\"elementor-heading-title elementor-size-default\">Transformando vidas a trav\u00e9s del agua: Proyecto de adecuaci\u00f3n de una fuente p\u00fablica en Doum\u00e9<\/h3>\t\t<\/div>\n\t\t\t\t<\/div>\n\t\t\t\t<div class=\"elementor-element elementor-element-ae532b9 elementor-widget elementor-widget-text-editor\" data-id=\"ae532b9\" data-element_type=\"widget\" data-widget_type=\"text-editor.default\">\n\t\t\t\t<div class=\"elementor-widget-container\">\n\t\t\t<style>\/*! elementor - v3.16.0 - 09-10-2023 *\/\n.elementor-widget-text-editor.elementor-drop-cap-view-stacked .elementor-drop-cap{background-color:#69727d;color:#fff}.elementor-widget-text-editor.elementor-drop-cap-view-framed .elementor-drop-cap{color:#69727d;border:3px solid;background-color:transparent}.elementor-widget-text-editor:not(.elementor-drop-cap-view-default) .elementor-drop-cap{margin-top:8px}.elementor-widget-text-editor:not(.elementor-drop-cap-view-default) .elementor-drop-cap-letter{width:1em;height:1em}.elementor-widget-text-editor .elementor-drop-cap{float:left;text-align:center;line-height:1;font-size:50px}.elementor-widget-text-editor .elementor-drop-cap-letter{display:inline-block}<\/style>\t\t\t\t<p>La pintoresca poblaci\u00f3n de Doum\u00e9 se alza en las majestuosas monta\u00f1as, envuelta por densa selva, enclavada entre las ciudades de Abong Mbang y Bertoua. Sus resistentes habitantes, principalmente agricultores, labran min\u00fasculos campos en las empinadas laderas monta\u00f1osas. El terreno, accidentado y agotadormente manual, brinda limitados espacios cultivables.<\/p><p>En busca de una soluci\u00f3n, Doum\u00e9 ha solicitado la ayuda de MANOS UNIDAS para la\u00a0transformaci\u00f3n sostenible de su fuente. Este ambicioso proyecto abarca desde fortificar las paredes de la fuente hasta la construcci\u00f3n de un amplio lavadero, duchas p\u00fablicas para hombres y mujeres, y la valladura de la fuente.<\/p><p>Los 11,000 beneficiarios junto con el Servicio Diocesano de Desarrollo aportar\u00e1n su mano de obra no especializada y asumir\u00e1n los costos del cercado, solicitando el apoyo de Manos Unidas para el resto de la obra. MANOS UNIDAS ha establecido un compromiso con BERMAX, asignando un porcentaje de cada pedido a este proyecto transformador.\u00a0<\/p>\t\t\t\t\t\t<\/div>\n\t\t\t\t<\/div>\n\t\t\t\t<div class=\"elementor-element elementor-element-feb7d5a elementor-widget elementor-widget-button\" data-id=\"feb7d5a\" data-element_type=\"widget\" data-widget_type=\"button.default\">\n\t\t\t\t<div class=\"elementor-widget-container\">\n\t\t\t\t\t<div class=\"elementor-button-wrapper\">\n\t\t\t<a class=\"elementor-button elementor-button-link elementor-size-sm\" href=\"http:\/\/aigua.eu\/sobre-nosotros\">\n\t\t\t\t\t\t<span class=\"elementor-button-content-wrapper\">\n\t\t\t\t\t\t<span class=\"elementor-button-text\">Con\u00f3cenos<\/span>\n\t\t<\/span>\n\t\t\t\t\t<\/a>\n\t\t<\/div>\n\t\t\t\t<\/div>\n\t\t\t\t<\/div>\n\t\t\t\t\t<\/div>\n\t\t<\/div>\n\t\t\t\t\t\t\t<\/div>\n\t\t<\/section>\n\t\t\t\t\t\t\t<\/div>\n\t\t","protected":false},"excerpt":{"rendered":"<p>Home PROYECTOS Transformando vidas a trav\u00e9s del agua: Proyecto de adecuaci\u00f3n de una fuente p\u00fablica en Doum\u00e9 La pintoresca poblaci\u00f3n de Doum\u00e9 se alza en las majestuosas monta\u00f1as, envuelta por densa selva, enclavada entre las ciudades de Abong Mbang y Bertoua. Sus resistentes habitantes, principalmente agricultores, labran min\u00fasculos campos en las empinadas laderas monta\u00f1osas. El&hellip;&nbsp;<a href=\"https:\/\/aigua.eu\/es\/responsabilidad-social\/\" class=\"\" rel=\"bookmark\">Leer m\u00e1s &raquo;<span class=\"screen-reader-text\">Responsabilidad social<\/span><\/a><\/p>\n","protected":false},"author":1,"featured_media":0,"parent":0,"menu_order":0,"comment_status":"closed","ping_status":"closed","template":"page-templates\/template-pagebuilder-full-width.php","meta":{"neve_meta_sidebar":"","neve_meta_container":"","neve_meta_enable_content_width":"off","neve_meta_content_width":100,"neve_meta_title_alignment":"","neve_meta_author_avatar":"","neve_post_elements_order":"","neve_meta_disable_header":"","neve_meta_disable_footer":"","neve_meta_disable_title":"","footnotes":""},"class_list":["post-190","page","type-page","status-publish","hentry"],"yoast_head":"<!-- This site is optimized with the Yoast SEO plugin v21.4 - https:\/\/yoast.com\/wordpress\/plugins\/seo\/ -->\n<title>Responsabilidad social| Nuestros proyectos - Aigua<\/title>\n<meta name=\"description\" content=\"Descubre aqu\u00ed todos nuestros proyectos m\u00e1s recientes.\" \/>\n<meta name=\"robots\" content=\"index, follow, max-snippet:-1, max-image-preview:large, max-video-preview:-1\" \/>\n<link rel=\"canonical\" href=\"https:\/\/aigua.eu\/es\/responsabilidad-social\/\" \/>\n<meta property=\"og:locale\" content=\"es_ES\" \/>\n<meta property=\"og:type\" content=\"article\" \/>\n<meta property=\"og:title\" content=\"Responsabilidad social| Nuestros proyectos - Aigua\" \/>\n<meta property=\"og:description\" content=\"Descubre aqu\u00ed todos nuestros proyectos m\u00e1s recientes.\" \/>\n<meta property=\"og:url\" content=\"https:\/\/aigua.eu\/es\/responsabilidad-social\/\" \/>\n<meta property=\"og:site_name\" content=\"Aigua | Transforma tu agua para un hogar m\u00e1s saludable\" \/>\n<meta property=\"article:modified_time\" content=\"2023-09-23T13:18:06+00:00\" \/>\n<meta property=\"og:image\" content=\"http:\/\/aigua.eu\/wp-content\/uploads\/2023\/09\/RESPONSABILIDAD-SOCIAL.jpg\" \/>\n<meta name=\"twitter:card\" content=\"summary_large_image\" \/>\n<meta name=\"twitter:label1\" content=\"Tiempo de lectura\" \/>\n\t<meta name=\"twitter:data1\" content=\"1 minuto\" \/>\n<script type=\"application\/ld+json\" class=\"yoast-schema-graph\">{\"@context\":\"https:\/\/schema.org\",\"@graph\":[{\"@type\":\"WebPage\",\"@id\":\"https:\/\/aigua.eu\/responsabilidad-social\/\",\"url\":\"https:\/\/aigua.eu\/responsabilidad-social\/\",\"name\":\"Responsabilidad social| Nuestros proyectos - Aigua\",\"isPartOf\":{\"@id\":\"https:\/\/aigua.eu\/es\/#website\"},\"datePublished\":\"2023-09-23T13:14:50+00:00\",\"dateModified\":\"2023-09-23T13:18:06+00:00\",\"description\":\"Descubre aqu\u00ed todos nuestros proyectos m\u00e1s recientes.\",\"breadcrumb\":{\"@id\":\"https:\/\/aigua.eu\/responsabilidad-social\/#breadcrumb\"},\"inLanguage\":\"es\",\"potentialAction\":[{\"@type\":\"ReadAction\",\"target\":[\"https:\/\/aigua.eu\/responsabilidad-social\/\"]}]},{\"@type\":\"BreadcrumbList\",\"@id\":\"https:\/\/aigua.eu\/responsabilidad-social\/#breadcrumb\",\"itemListElement\":[{\"@type\":\"ListItem\",\"position\":1,\"name\":\"Portada\",\"item\":\"https:\/\/aigua.eu\/\"},{\"@type\":\"ListItem\",\"position\":2,\"name\":\"Responsabilidad social\"}]},{\"@type\":\"WebSite\",\"@id\":\"https:\/\/aigua.eu\/es\/#website\",\"url\":\"https:\/\/aigua.eu\/es\/\",\"name\":\"Aigua | Transforma tu agua para un hogar m\u00e1s saludable\",\"description\":\"Conf\u00eda en Aigua para la b\u00fasqueda de agua m\u00e1s limpia y saludable para tu hogar. En un mundo donde el acceso a agua de calidad es esencial, estamos aqu\u00ed para brindarte soluciones de vanguardia en m\u00e1quinas de tratamiento de agua dise\u00f1adas espec\u00edficamente para uso dom\u00e9stico.\",\"potentialAction\":[{\"@type\":\"SearchAction\",\"target\":{\"@type\":\"EntryPoint\",\"urlTemplate\":\"https:\/\/aigua.eu\/es\/?s={search_term_string}\"},\"query-input\":\"required name=search_term_string\"}],\"inLanguage\":\"es\"}]}<\/script>\n<!-- \/ Yoast SEO plugin. -->","yoast_head_json":{"title":"Responsabilidad social| Nuestros proyectos - Aigua","description":"Descubre aqu\u00ed todos nuestros proyectos m\u00e1s recientes.","robots":{"index":"index","follow":"follow","max-snippet":"max-snippet:-1","max-image-preview":"max-image-preview:large","max-video-preview":"max-video-preview:-1"},"canonical":"https:\/\/aigua.eu\/es\/responsabilidad-social\/","og_locale":"es_ES","og_type":"article","og_title":"Responsabilidad social| Nuestros proyectos - Aigua","og_description":"Descubre aqu\u00ed todos nuestros proyectos m\u00e1s recientes.","og_url":"https:\/\/aigua.eu\/es\/responsabilidad-social\/","og_site_name":"Aigua | Transforma tu agua para un hogar m\u00e1s saludable","article_modified_time":"2023-09-23T13:18:06+00:00","og_image":[{"url":"http:\/\/aigua.eu\/wp-content\/uploads\/2023\/09\/RESPONSABILIDAD-SOCIAL.jpg"}],"twitter_card":"summary_large_image","twitter_misc":{"Tiempo de lectura":"1 minuto"},"schema":{"@context":"https:\/\/schema.org","@graph":[{"@type":"WebPage","@id":"https:\/\/aigua.eu\/responsabilidad-social\/","url":"https:\/\/aigua.eu\/responsabilidad-social\/","name":"Responsabilidad social| Nuestros proyectos - Aigua","isPartOf":{"@id":"https:\/\/aigua.eu\/es\/#website"},"datePublished":"2023-09-23T13:14:50+00:00","dateModified":"2023-09-23T13:18:06+00:00","description":"Descubre aqu\u00ed todos nuestros proyectos m\u00e1s recientes.","breadcrumb":{"@id":"https:\/\/aigua.eu\/responsabilidad-social\/#breadcrumb"},"inLanguage":"es","potentialAction":[{"@type":"ReadAction","target":["https:\/\/aigua.eu\/responsabilidad-social\/"]}]},{"@type":"BreadcrumbList","@id":"https:\/\/aigua.eu\/responsabilidad-social\/#breadcrumb","itemListElement":[{"@type":"ListItem","position":1,"name":"Portada","item":"https:\/\/aigua.eu\/"},{"@type":"ListItem","position":2,"name":"Responsabilidad social"}]},{"@type":"WebSite","@id":"https:\/\/aigua.eu\/es\/#website","url":"https:\/\/aigua.eu\/es\/","name":"Aigua | Transforma tu agua para un hogar m\u00e1s saludable","description":"Conf\u00eda en Aigua para la b\u00fasqueda de agua m\u00e1s limpia y saludable para tu hogar. En un mundo donde el acceso a agua de calidad es esencial, estamos aqu\u00ed para brindarte soluciones de vanguardia en m\u00e1quinas de tratamiento de agua dise\u00f1adas espec\u00edficamente para uso dom\u00e9stico.","potentialAction":[{"@type":"SearchAction","target":{"@type":"EntryPoint","urlTemplate":"https:\/\/aigua.eu\/es\/?s={search_term_string}"},"query-input":"required name=search_term_string"}],"inLanguage":"es"}]}},"_links":{"self":[{"href":"https:\/\/aigua.eu\/es\/wp-json\/wp\/v2\/pages\/190","targetHints":{"allow":["GET"]}}],"collection":[{"href":"https:\/\/aigua.eu\/es\/wp-json\/wp\/v2\/pages"}],"about":[{"href":"https:\/\/aigua.eu\/es\/wp-json\/wp\/v2\/types\/page"}],"author":[{"embeddable":true,"href":"https:\/\/aigua.eu\/es\/wp-json\/wp\/v2\/users\/1"}],"replies":[{"embeddable":true,"href":"https:\/\/aigua.eu\/es\/wp-json\/wp\/v2\/comments?post=190"}],"version-history":[{"count":4,"href":"https:\/\/aigua.eu\/es\/wp-json\/wp\/v2\/pages\/190\/revisions"}],"predecessor-version":[{"id":194,"href":"https:\/\/aigua.eu\/es\/wp-json\/wp\/v2\/pages\/190\/revisions\/194"}],"wp:attachment":[{"href":"https:\/\/aigua.eu\/es\/wp-json\/wp\/v2\/media?parent=190"}],"curies":[{"name":"wp","href":"https:\/\/api.w.org\/{rel}","templated":true}]}}