{"id":147,"date":"2023-09-23T14:36:08","date_gmt":"2023-09-23T12:36:08","guid":{"rendered":"https:\/\/nutriwater.ultbit.com\/?page_id=147"},"modified":"2023-10-17T13:54:26","modified_gmt":"2023-10-17T11:54:26","slug":"quienes-somos","status":"publish","type":"page","link":"https:\/\/aigua.eu\/es\/quienes-somos\/","title":{"rendered":"Qui\u00e9nes somos"},"content":{"rendered":"\t\t<div data-elementor-type=\"wp-page\" data-elementor-id=\"147\" class=\"elementor elementor-147\">\n\t\t\t\t\t\t\t\t\t<section class=\"elementor-section elementor-top-section elementor-element elementor-element-e6ad2b elementor-section-boxed elementor-section-height-default elementor-section-height-default\" data-id=\"e6ad2b\" data-element_type=\"section\" data-settings=\"{&quot;background_background&quot;:&quot;classic&quot;}\">\n\t\t\t\t\t\t\t<div class=\"elementor-background-overlay\"><\/div>\n\t\t\t\t\t\t\t<div class=\"elementor-container elementor-column-gap-default\">\n\t\t\t\t\t<div class=\"elementor-column elementor-col-100 elementor-top-column elementor-element elementor-element-417cb0b5\" data-id=\"417cb0b5\" data-element_type=\"column\">\n\t\t\t<div class=\"elementor-widget-wrap elementor-element-populated\">\n\t\t\t\t\t\t\t\t<div class=\"elementor-element elementor-element-44077b6f elementor-absolute elementor-invisible elementor-widget elementor-widget-heading\" data-id=\"44077b6f\" data-element_type=\"widget\" data-settings=\"{&quot;_position&quot;:&quot;absolute&quot;,&quot;_animation&quot;:&quot;zoomIn&quot;}\" data-widget_type=\"heading.default\">\n\t\t\t\t<div class=\"elementor-widget-container\">\n\t\t\t<style>\/*! elementor - v3.16.0 - 09-10-2023 *\/\n.elementor-heading-title{padding:0;margin:0;line-height:1}.elementor-widget-heading .elementor-heading-title[class*=elementor-size-]>a{color:inherit;font-size:inherit;line-height:inherit}.elementor-widget-heading .elementor-heading-title.elementor-size-small{font-size:15px}.elementor-widget-heading .elementor-heading-title.elementor-size-medium{font-size:19px}.elementor-widget-heading .elementor-heading-title.elementor-size-large{font-size:29px}.elementor-widget-heading .elementor-heading-title.elementor-size-xl{font-size:39px}.elementor-widget-heading .elementor-heading-title.elementor-size-xxl{font-size:59px}<\/style><div class=\"elementor-heading-title elementor-size-default\">Qui\u00e9nes somos<\/div>\t\t<\/div>\n\t\t\t\t<\/div>\n\t\t\t\t<section class=\"elementor-section elementor-inner-section elementor-element elementor-element-65a2fb50 elementor-section-boxed elementor-section-height-default elementor-section-height-default\" data-id=\"65a2fb50\" data-element_type=\"section\">\n\t\t\t\t\t\t<div class=\"elementor-container elementor-column-gap-default\">\n\t\t\t\t\t<div class=\"elementor-column elementor-col-100 elementor-inner-column elementor-element elementor-element-54490a64\" data-id=\"54490a64\" data-element_type=\"column\">\n\t\t\t<div class=\"elementor-widget-wrap elementor-element-populated\">\n\t\t\t\t\t\t\t\t<div class=\"elementor-element elementor-element-34debb24 elementor-icon-list--layout-inline elementor-align-center elementor-list-item-link-full_width elementor-widget elementor-widget-icon-list\" data-id=\"34debb24\" data-element_type=\"widget\" data-widget_type=\"icon-list.default\">\n\t\t\t\t<div class=\"elementor-widget-container\">\n\t\t\t<link rel=\"stylesheet\" href=\"https:\/\/aigua.eu\/wp-content\/plugins\/elementor\/assets\/css\/widget-icon-list.min.css\">\t\t<ul class=\"elementor-icon-list-items elementor-inline-items\">\n\t\t\t\t\t\t\t<li class=\"elementor-icon-list-item elementor-inline-item\">\n\t\t\t\t\t\t\t\t\t\t<span class=\"elementor-icon-list-text\">Home<\/span>\n\t\t\t\t\t\t\t\t\t<\/li>\n\t\t\t\t\t\t\t\t<li class=\"elementor-icon-list-item elementor-inline-item\">\n\t\t\t\t\t\t\t\t\t\t\t<span class=\"elementor-icon-list-icon\">\n\t\t\t\t\t\t\t<i aria-hidden=\"true\" class=\"fas fa-chevron-circle-right\"><\/i>\t\t\t\t\t\t<\/span>\n\t\t\t\t\t\t\t\t\t\t<span class=\"elementor-icon-list-text\">Qui\u00e9nes somos<\/span>\n\t\t\t\t\t\t\t\t\t<\/li>\n\t\t\t\t\t\t<\/ul>\n\t\t\t\t<\/div>\n\t\t\t\t<\/div>\n\t\t\t\t<div class=\"elementor-element elementor-element-35d43ef9 elementor-invisible elementor-widget elementor-widget-heading\" data-id=\"35d43ef9\" data-element_type=\"widget\" data-settings=\"{&quot;_animation&quot;:&quot;fadeInUp&quot;}\" data-widget_type=\"heading.default\">\n\t\t\t\t<div class=\"elementor-widget-container\">\n\t\t\t<h1 class=\"elementor-heading-title elementor-size-default\">Qui\u00e9nes somos<\/h1>\t\t<\/div>\n\t\t\t\t<\/div>\n\t\t\t\t\t<\/div>\n\t\t<\/div>\n\t\t\t\t\t\t\t<\/div>\n\t\t<\/section>\n\t\t\t\t\t<\/div>\n\t\t<\/div>\n\t\t\t\t\t\t\t<\/div>\n\t\t<\/section>\n\t\t\t\t<section class=\"elementor-section elementor-top-section elementor-element elementor-element-46c7b0c2 elementor-section-boxed elementor-section-height-default elementor-section-height-default\" data-id=\"46c7b0c2\" data-element_type=\"section\" data-settings=\"{&quot;background_background&quot;:&quot;classic&quot;}\">\n\t\t\t\t\t\t\t<div class=\"elementor-background-overlay\"><\/div>\n\t\t\t\t\t\t\t<div class=\"elementor-container elementor-column-gap-default\">\n\t\t\t\t\t<div class=\"elementor-column elementor-col-50 elementor-top-column elementor-element elementor-element-68977e69 elementor-invisible\" data-id=\"68977e69\" data-element_type=\"column\" data-settings=\"{&quot;animation&quot;:&quot;fadeInLeft&quot;}\">\n\t\t\t<div class=\"elementor-widget-wrap elementor-element-populated\">\n\t\t\t\t\t\t\t\t<div class=\"elementor-element elementor-element-59476f76 elementor-widget elementor-widget-heading\" data-id=\"59476f76\" data-element_type=\"widget\" data-widget_type=\"heading.default\">\n\t\t\t\t<div class=\"elementor-widget-container\">\n\t\t\t<h6 class=\"elementor-heading-title elementor-size-default\">CON\u00d3CENOS<\/h6>\t\t<\/div>\n\t\t\t\t<\/div>\n\t\t\t\t<div class=\"elementor-element elementor-element-23ca028a elementor-widget elementor-widget-heading\" data-id=\"23ca028a\" data-element_type=\"widget\" data-widget_type=\"heading.default\">\n\t\t\t\t<div class=\"elementor-widget-container\">\n\t\t\t<h2 class=\"elementor-heading-title elementor-size-default\">Nuestra historia y misi\u00f3n<\/h2>\t\t<\/div>\n\t\t\t\t<\/div>\n\t\t\t\t<div class=\"elementor-element elementor-element-5cc047d8 elementor-widget elementor-widget-text-editor\" data-id=\"5cc047d8\" data-element_type=\"widget\" data-widget_type=\"text-editor.default\">\n\t\t\t\t<div class=\"elementor-widget-container\">\n\t\t\t<style>\/*! elementor - v3.16.0 - 09-10-2023 *\/\n.elementor-widget-text-editor.elementor-drop-cap-view-stacked .elementor-drop-cap{background-color:#69727d;color:#fff}.elementor-widget-text-editor.elementor-drop-cap-view-framed .elementor-drop-cap{color:#69727d;border:3px solid;background-color:transparent}.elementor-widget-text-editor:not(.elementor-drop-cap-view-default) .elementor-drop-cap{margin-top:8px}.elementor-widget-text-editor:not(.elementor-drop-cap-view-default) .elementor-drop-cap-letter{width:1em;height:1em}.elementor-widget-text-editor .elementor-drop-cap{float:left;text-align:center;line-height:1;font-size:50px}.elementor-widget-text-editor .elementor-drop-cap-letter{display:inline-block}<\/style>\t\t\t\t<p>En el a\u00f1o 1999, naci\u00f3 Grupo Aigua con un prop\u00f3sito claro y ambicioso: convertirse en un referente indiscutible en el sector de tratamientos del agua. Desde entonces, nos hemos dedicado apasionadamente a brindar soluciones integrales a los desaf\u00edos relacionados con el agua, y no solo eso, tambi\u00e9n a ofrecer un cuidado y atenci\u00f3n especializada a las comunidades y sectores a los que servimos.<\/p>\t\t\t\t\t\t<\/div>\n\t\t\t\t<\/div>\n\t\t\t\t<div class=\"elementor-element elementor-element-751abfe0 elementor-widget elementor-widget-button\" data-id=\"751abfe0\" data-element_type=\"widget\" data-widget_type=\"button.default\">\n\t\t\t\t<div class=\"elementor-widget-container\">\n\t\t\t\t\t<div class=\"elementor-button-wrapper\">\n\t\t\t<a class=\"elementor-button elementor-button-link elementor-size-md\" href=\"http:\/\/aigua.eu\/#trayectoria\">\n\t\t\t\t\t\t<span class=\"elementor-button-content-wrapper\">\n\t\t\t\t\t\t<span class=\"elementor-button-text\">Ver trayectoria<\/span>\n\t\t<\/span>\n\t\t\t\t\t<\/a>\n\t\t<\/div>\n\t\t\t\t<\/div>\n\t\t\t\t<\/div>\n\t\t\t\t\t<\/div>\n\t\t<\/div>\n\t\t\t\t<div class=\"elementor-column elementor-col-50 elementor-top-column elementor-element elementor-element-5887f6da\" data-id=\"5887f6da\" data-element_type=\"column\">\n\t\t\t<div class=\"elementor-widget-wrap elementor-element-populated\">\n\t\t\t\t\t\t\t\t<div class=\"elementor-element elementor-element-e9aa1cc elementor-widget elementor-widget-image\" data-id=\"e9aa1cc\" data-element_type=\"widget\" data-widget_type=\"image.default\">\n\t\t\t\t<div class=\"elementor-widget-container\">\n\t\t\t<style>\/*! elementor - v3.16.0 - 09-10-2023 *\/\n.elementor-widget-image{text-align:center}.elementor-widget-image a{display:inline-block}.elementor-widget-image a img[src$=\".svg\"]{width:48px}.elementor-widget-image img{vertical-align:middle;display:inline-block}<\/style>\t\t\t\t\t\t\t\t\t\t\t\t<img loading=\"lazy\" decoding=\"async\" width=\"6000\" height=\"3375\" src=\"https:\/\/aigua.eu\/wp-content\/uploads\/2023\/10\/Diseno-sin-titulo-1.png\" class=\"attachment-full size-full wp-image-493\" alt=\"\" srcset=\"https:\/\/aigua.eu\/wp-content\/uploads\/2023\/10\/Diseno-sin-titulo-1.png 6000w, https:\/\/aigua.eu\/wp-content\/uploads\/2023\/10\/Diseno-sin-titulo-1-300x169.png 300w, https:\/\/aigua.eu\/wp-content\/uploads\/2023\/10\/Diseno-sin-titulo-1-1024x576.png 1024w, https:\/\/aigua.eu\/wp-content\/uploads\/2023\/10\/Diseno-sin-titulo-1-768x432.png 768w, https:\/\/aigua.eu\/wp-content\/uploads\/2023\/10\/Diseno-sin-titulo-1-1536x864.png 1536w, https:\/\/aigua.eu\/wp-content\/uploads\/2023\/10\/Diseno-sin-titulo-1-2048x1152.png 2048w\" sizes=\"auto, (max-width: 6000px) 100vw, 6000px\" \/>\t\t\t\t\t\t\t\t\t\t\t\t\t\t\t<\/div>\n\t\t\t\t<\/div>\n\t\t\t\t\t<\/div>\n\t\t<\/div>\n\t\t\t\t\t\t\t<\/div>\n\t\t<\/section>\n\t\t\t\t<section class=\"elementor-section elementor-top-section elementor-element elementor-element-28c71bf7 elementor-section-boxed elementor-section-height-default elementor-section-height-default\" data-id=\"28c71bf7\" data-element_type=\"section\" data-settings=\"{&quot;background_background&quot;:&quot;gradient&quot;}\">\n\t\t\t\t\t\t\t<div class=\"elementor-background-overlay\"><\/div>\n\t\t\t\t\t\t\t<div class=\"elementor-container elementor-column-gap-default\">\n\t\t\t\t\t<div class=\"elementor-column elementor-col-100 elementor-top-column elementor-element elementor-element-1713fdba elementor-invisible\" data-id=\"1713fdba\" data-element_type=\"column\" data-settings=\"{&quot;background_background&quot;:&quot;classic&quot;,&quot;animation&quot;:&quot;fadeInLeft&quot;}\">\n\t\t\t<div class=\"elementor-widget-wrap elementor-element-populated\">\n\t\t\t\t\t\t\t\t<div class=\"elementor-element elementor-element-4a41d462 elementor-widget elementor-widget-heading\" data-id=\"4a41d462\" data-element_type=\"widget\" data-widget_type=\"heading.default\">\n\t\t\t\t<div class=\"elementor-widget-container\">\n\t\t\t<h3 class=\"elementor-heading-title elementor-size-default\">Comprometidos con un futuro sostenible<\/h3>\t\t<\/div>\n\t\t\t\t<\/div>\n\t\t\t\t<div class=\"elementor-element elementor-element-7fb8c846 elementor-widget elementor-widget-text-editor\" data-id=\"7fb8c846\" data-element_type=\"widget\" data-widget_type=\"text-editor.default\">\n\t\t\t\t<div class=\"elementor-widget-container\">\n\t\t\t\t\t\t\t<p>En Aigua, miramos hacia el ma\u00f1ana con la determinaci\u00f3n de contribuir a un d\u00eda a d\u00eda mejor para todos. Nuestra visi\u00f3n va m\u00e1s all\u00e1 de los negocios; es un compromiso con un futuro sostenible en el que el agua sea un recurso valioso y accesible para las generaciones venideras.<\/p><p>\u00danete a nosotros en esta traves\u00eda hacia un mundo donde el agua sea un bienestar compartido por todos.\u00a0<\/p>\t\t\t\t\t\t<\/div>\n\t\t\t\t<\/div>\n\t\t\t\t\t<\/div>\n\t\t<\/div>\n\t\t\t\t\t\t\t<\/div>\n\t\t<\/section>\n\t\t\t\t<section class=\"elementor-section elementor-top-section elementor-element elementor-element-5bcbba16 elementor-section-content-top elementor-section-boxed elementor-section-height-default elementor-section-height-default\" data-id=\"5bcbba16\" data-element_type=\"section\" data-settings=\"{&quot;background_background&quot;:&quot;classic&quot;}\">\n\t\t\t\t\t\t<div class=\"elementor-container elementor-column-gap-default\">\n\t\t\t\t\t<div class=\"elementor-column elementor-col-50 elementor-top-column elementor-element elementor-element-510ce5cc elementor-invisible\" data-id=\"510ce5cc\" data-element_type=\"column\" data-settings=\"{&quot;animation&quot;:&quot;fadeInLeft&quot;}\">\n\t\t\t<div class=\"elementor-widget-wrap elementor-element-populated\">\n\t\t\t\t\t\t\t\t<div class=\"elementor-element elementor-element-54ec2977 elementor-widget elementor-widget-image\" data-id=\"54ec2977\" data-element_type=\"widget\" data-widget_type=\"image.default\">\n\t\t\t\t<div class=\"elementor-widget-container\">\n\t\t\t\t\t\t\t\t\t\t\t\t\t\t\t<img loading=\"lazy\" decoding=\"async\" width=\"1920\" height=\"1080\" src=\"https:\/\/aigua.eu\/wp-content\/uploads\/2023\/09\/HOME.jpg\" class=\"attachment-full size-full wp-image-129\" alt=\"\" srcset=\"https:\/\/aigua.eu\/wp-content\/uploads\/2023\/09\/HOME.jpg 1920w, https:\/\/aigua.eu\/wp-content\/uploads\/2023\/09\/HOME-300x169.jpg 300w, https:\/\/aigua.eu\/wp-content\/uploads\/2023\/09\/HOME-1024x576.jpg 1024w, https:\/\/aigua.eu\/wp-content\/uploads\/2023\/09\/HOME-768x432.jpg 768w, https:\/\/aigua.eu\/wp-content\/uploads\/2023\/09\/HOME-1536x864.jpg 1536w\" sizes=\"auto, (max-width: 1920px) 100vw, 1920px\" \/>\t\t\t\t\t\t\t\t\t\t\t\t\t\t\t<\/div>\n\t\t\t\t<\/div>\n\t\t\t\t\t<\/div>\n\t\t<\/div>\n\t\t\t\t<div class=\"elementor-column elementor-col-50 elementor-top-column elementor-element elementor-element-59f2721c elementor-invisible\" data-id=\"59f2721c\" data-element_type=\"column\" data-settings=\"{&quot;animation&quot;:&quot;fadeInRight&quot;}\">\n\t\t\t<div class=\"elementor-widget-wrap elementor-element-populated\">\n\t\t\t\t\t\t\t\t<div class=\"elementor-element elementor-element-8bffecc elementor-widget elementor-widget-menu-anchor\" data-id=\"8bffecc\" data-element_type=\"widget\" data-widget_type=\"menu-anchor.default\">\n\t\t\t\t<div class=\"elementor-widget-container\">\n\t\t\t<style>\/*! elementor - v3.16.0 - 09-10-2023 *\/\nbody.elementor-page .elementor-widget-menu-anchor{margin-bottom:0}<\/style>\t\t<div id=\"trayectoria\" class=\"elementor-menu-anchor\"><\/div>\n\t\t\t\t<\/div>\n\t\t\t\t<\/div>\n\t\t\t\t<div class=\"elementor-element elementor-element-3c785961 elementor-widget elementor-widget-heading\" data-id=\"3c785961\" data-element_type=\"widget\" data-widget_type=\"heading.default\">\n\t\t\t\t<div class=\"elementor-widget-container\">\n\t\t\t<h3 class=\"elementor-heading-title elementor-size-default\">Descubre nuestra trayectoria y compromiso<\/h3>\t\t<\/div>\n\t\t\t\t<\/div>\n\t\t\t\t<div class=\"elementor-element elementor-element-4efa03f9 elementor-widget elementor-widget-text-editor\" data-id=\"4efa03f9\" data-element_type=\"widget\" data-widget_type=\"text-editor.default\">\n\t\t\t\t<div class=\"elementor-widget-container\">\n\t\t\t\t\t\t\t<p>En Grupo Aigua, nuestra historia es un testimonio de compromiso duradero con la excelencia en el tratamiento del agua. Fundada en 1999, nuestra empresa se ha forjado a lo largo de los a\u00f1os en la b\u00fasqueda incansable de soluciones efectivas y sostenibles para abordar los desaf\u00edos relacionados con el vital recurso del agua.<\/p><p>Nuestro compromiso va m\u00e1s all\u00e1 de ser simplemente un proveedor de soluciones; nos esforzamos por ser socios en la misi\u00f3n de preservar y mejorar la calidad del agua en hogares y comunidades. A trav\u00e9s de la marca Aigua, hemos perfeccionado nuestro enfoque en el suministro de sistemas de tratamiento de aguas para uso dom\u00e9stico, garantizando que el agua que llega a tu hogar sea pura, segura y saludable.<\/p>\t\t\t\t\t\t<\/div>\n\t\t\t\t<\/div>\n\t\t\t\t<div class=\"elementor-element elementor-element-0e9ee70 elementor-widget elementor-widget-button\" data-id=\"0e9ee70\" data-element_type=\"widget\" data-widget_type=\"button.default\">\n\t\t\t\t<div class=\"elementor-widget-container\">\n\t\t\t\t\t<div class=\"elementor-button-wrapper\">\n\t\t\t<a class=\"elementor-button elementor-button-link elementor-size-md\" href=\"http:\/\/aigua.eu\/contacto\">\n\t\t\t\t\t\t<span class=\"elementor-button-content-wrapper\">\n\t\t\t\t\t\t<span class=\"elementor-button-text\">Cont\u00e1ctanos<\/span>\n\t\t<\/span>\n\t\t\t\t\t<\/a>\n\t\t<\/div>\n\t\t\t\t<\/div>\n\t\t\t\t<\/div>\n\t\t\t\t\t<\/div>\n\t\t<\/div>\n\t\t\t\t\t\t\t<\/div>\n\t\t<\/section>\n\t\t\t\t\t\t\t<\/div>\n\t\t","protected":false},"excerpt":{"rendered":"<p>Home CON\u00d3CENOS Nuestra historia y misi\u00f3n En el a\u00f1o 1999, naci\u00f3 Grupo Aigua con un prop\u00f3sito claro y ambicioso: convertirse en un referente indiscutible en el sector de tratamientos del agua. Desde entonces, nos hemos dedicado apasionadamente a brindar soluciones integrales a los desaf\u00edos relacionados con el agua, y no solo eso, tambi\u00e9n a ofrecer&hellip;&nbsp;<a href=\"https:\/\/aigua.eu\/es\/quienes-somos\/\" class=\"\" rel=\"bookmark\">Leer m\u00e1s &raquo;<span class=\"screen-reader-text\">Qui\u00e9nes somos<\/span><\/a><\/p>\n","protected":false},"author":1,"featured_media":0,"parent":0,"menu_order":0,"comment_status":"closed","ping_status":"closed","template":"page-templates\/template-pagebuilder-full-width.php","meta":{"neve_meta_sidebar":"","neve_meta_container":"","neve_meta_enable_content_width":"off","neve_meta_content_width":100,"neve_meta_title_alignment":"","neve_meta_author_avatar":"","neve_post_elements_order":"","neve_meta_disable_header":"","neve_meta_disable_footer":"","neve_meta_disable_title":"","footnotes":""},"class_list":["post-147","page","type-page","status-publish","hentry"],"yoast_head":"<!-- This site is optimized with the Yoast SEO plugin v21.4 - https:\/\/yoast.com\/wordpress\/plugins\/seo\/ -->\n<title>Qui\u00e9nes somos | Empresa de tratamiento de aguas - Aigua<\/title>\n<meta name=\"description\" content=\"En 1999, naci\u00f3 Grupo Aigua con la ambici\u00f3n de ser l\u00edder en tratamientos de agua, brindando soluciones integrales y atenci\u00f3n especializada a comunidades.\" \/>\n<meta name=\"robots\" content=\"index, follow, max-snippet:-1, max-image-preview:large, max-video-preview:-1\" \/>\n<link rel=\"canonical\" href=\"https:\/\/aigua.eu\/es\/quienes-somos\/\" \/>\n<meta property=\"og:locale\" content=\"es_ES\" \/>\n<meta property=\"og:type\" content=\"article\" \/>\n<meta property=\"og:title\" content=\"Qui\u00e9nes somos | Empresa de tratamiento de aguas - Aigua\" \/>\n<meta property=\"og:description\" content=\"En 1999, naci\u00f3 Grupo Aigua con la ambici\u00f3n de ser l\u00edder en tratamientos de agua, brindando soluciones integrales y atenci\u00f3n especializada a comunidades.\" \/>\n<meta property=\"og:url\" content=\"https:\/\/aigua.eu\/es\/quienes-somos\/\" \/>\n<meta property=\"og:site_name\" content=\"Aigua | Transforma tu agua para un hogar m\u00e1s saludable\" \/>\n<meta property=\"article:modified_time\" content=\"2023-10-17T11:54:26+00:00\" \/>\n<meta property=\"og:image\" content=\"http:\/\/aigua.eu\/wp-content\/uploads\/2023\/10\/Diseno-sin-titulo-1.png\" \/>\n<meta name=\"twitter:card\" content=\"summary_large_image\" \/>\n<meta name=\"twitter:label1\" content=\"Tiempo de lectura\" \/>\n\t<meta name=\"twitter:data1\" content=\"2 minutos\" \/>\n<script type=\"application\/ld+json\" class=\"yoast-schema-graph\">{\"@context\":\"https:\/\/schema.org\",\"@graph\":[{\"@type\":\"WebPage\",\"@id\":\"https:\/\/aigua.eu\/quienes-somos\/\",\"url\":\"https:\/\/aigua.eu\/quienes-somos\/\",\"name\":\"Qui\u00e9nes somos | Empresa de tratamiento de aguas - Aigua\",\"isPartOf\":{\"@id\":\"https:\/\/aigua.eu\/es\/#website\"},\"datePublished\":\"2023-09-23T12:36:08+00:00\",\"dateModified\":\"2023-10-17T11:54:26+00:00\",\"description\":\"En 1999, naci\u00f3 Grupo Aigua con la ambici\u00f3n de ser l\u00edder en tratamientos de agua, brindando soluciones integrales y atenci\u00f3n especializada a comunidades.\",\"breadcrumb\":{\"@id\":\"https:\/\/aigua.eu\/quienes-somos\/#breadcrumb\"},\"inLanguage\":\"es\",\"potentialAction\":[{\"@type\":\"ReadAction\",\"target\":[\"https:\/\/aigua.eu\/quienes-somos\/\"]}]},{\"@type\":\"BreadcrumbList\",\"@id\":\"https:\/\/aigua.eu\/quienes-somos\/#breadcrumb\",\"itemListElement\":[{\"@type\":\"ListItem\",\"position\":1,\"name\":\"Portada\",\"item\":\"https:\/\/aigua.eu\/\"},{\"@type\":\"ListItem\",\"position\":2,\"name\":\"Qui\u00e9nes somos\"}]},{\"@type\":\"WebSite\",\"@id\":\"https:\/\/aigua.eu\/es\/#website\",\"url\":\"https:\/\/aigua.eu\/es\/\",\"name\":\"Aigua | Transforma tu agua para un hogar m\u00e1s saludable\",\"description\":\"Conf\u00eda en Aigua para la b\u00fasqueda de agua m\u00e1s limpia y saludable para tu hogar. En un mundo donde el acceso a agua de calidad es esencial, estamos aqu\u00ed para brindarte soluciones de vanguardia en m\u00e1quinas de tratamiento de agua dise\u00f1adas espec\u00edficamente para uso dom\u00e9stico.\",\"potentialAction\":[{\"@type\":\"SearchAction\",\"target\":{\"@type\":\"EntryPoint\",\"urlTemplate\":\"https:\/\/aigua.eu\/es\/?s={search_term_string}\"},\"query-input\":\"required name=search_term_string\"}],\"inLanguage\":\"es\"}]}<\/script>\n<!-- \/ Yoast SEO plugin. -->","yoast_head_json":{"title":"Qui\u00e9nes somos | Empresa de tratamiento de aguas - Aigua","description":"En 1999, naci\u00f3 Grupo Aigua con la ambici\u00f3n de ser l\u00edder en tratamientos de agua, brindando soluciones integrales y atenci\u00f3n especializada a comunidades.","robots":{"index":"index","follow":"follow","max-snippet":"max-snippet:-1","max-image-preview":"max-image-preview:large","max-video-preview":"max-video-preview:-1"},"canonical":"https:\/\/aigua.eu\/es\/quienes-somos\/","og_locale":"es_ES","og_type":"article","og_title":"Qui\u00e9nes somos | Empresa de tratamiento de aguas - Aigua","og_description":"En 1999, naci\u00f3 Grupo Aigua con la ambici\u00f3n de ser l\u00edder en tratamientos de agua, brindando soluciones integrales y atenci\u00f3n especializada a comunidades.","og_url":"https:\/\/aigua.eu\/es\/quienes-somos\/","og_site_name":"Aigua | Transforma tu agua para un hogar m\u00e1s saludable","article_modified_time":"2023-10-17T11:54:26+00:00","og_image":[{"url":"http:\/\/aigua.eu\/wp-content\/uploads\/2023\/10\/Diseno-sin-titulo-1.png"}],"twitter_card":"summary_large_image","twitter_misc":{"Tiempo de lectura":"2 minutos"},"schema":{"@context":"https:\/\/schema.org","@graph":[{"@type":"WebPage","@id":"https:\/\/aigua.eu\/quienes-somos\/","url":"https:\/\/aigua.eu\/quienes-somos\/","name":"Qui\u00e9nes somos | Empresa de tratamiento de aguas - Aigua","isPartOf":{"@id":"https:\/\/aigua.eu\/es\/#website"},"datePublished":"2023-09-23T12:36:08+00:00","dateModified":"2023-10-17T11:54:26+00:00","description":"En 1999, naci\u00f3 Grupo Aigua con la ambici\u00f3n de ser l\u00edder en tratamientos de agua, brindando soluciones integrales y atenci\u00f3n especializada a comunidades.","breadcrumb":{"@id":"https:\/\/aigua.eu\/quienes-somos\/#breadcrumb"},"inLanguage":"es","potentialAction":[{"@type":"ReadAction","target":["https:\/\/aigua.eu\/quienes-somos\/"]}]},{"@type":"BreadcrumbList","@id":"https:\/\/aigua.eu\/quienes-somos\/#breadcrumb","itemListElement":[{"@type":"ListItem","position":1,"name":"Portada","item":"https:\/\/aigua.eu\/"},{"@type":"ListItem","position":2,"name":"Qui\u00e9nes somos"}]},{"@type":"WebSite","@id":"https:\/\/aigua.eu\/es\/#website","url":"https:\/\/aigua.eu\/es\/","name":"Aigua | Transforma tu agua para un hogar m\u00e1s saludable","description":"Conf\u00eda en Aigua para la b\u00fasqueda de agua m\u00e1s limpia y saludable para tu hogar. En un mundo donde el acceso a agua de calidad es esencial, estamos aqu\u00ed para brindarte soluciones de vanguardia en m\u00e1quinas de tratamiento de agua dise\u00f1adas espec\u00edficamente para uso dom\u00e9stico.","potentialAction":[{"@type":"SearchAction","target":{"@type":"EntryPoint","urlTemplate":"https:\/\/aigua.eu\/es\/?s={search_term_string}"},"query-input":"required name=search_term_string"}],"inLanguage":"es"}]}},"_links":{"self":[{"href":"https:\/\/aigua.eu\/es\/wp-json\/wp\/v2\/pages\/147","targetHints":{"allow":["GET"]}}],"collection":[{"href":"https:\/\/aigua.eu\/es\/wp-json\/wp\/v2\/pages"}],"about":[{"href":"https:\/\/aigua.eu\/es\/wp-json\/wp\/v2\/types\/page"}],"author":[{"embeddable":true,"href":"https:\/\/aigua.eu\/es\/wp-json\/wp\/v2\/users\/1"}],"replies":[{"embeddable":true,"href":"https:\/\/aigua.eu\/es\/wp-json\/wp\/v2\/comments?post=147"}],"version-history":[{"count":14,"href":"https:\/\/aigua.eu\/es\/wp-json\/wp\/v2\/pages\/147\/revisions"}],"predecessor-version":[{"id":594,"href":"https:\/\/aigua.eu\/es\/wp-json\/wp\/v2\/pages\/147\/revisions\/594"}],"wp:attachment":[{"href":"https:\/\/aigua.eu\/es\/wp-json\/wp\/v2\/media?parent=147"}],"curies":[{"name":"wp","href":"https:\/\/api.w.org\/{rel}","templated":true}]}}