{"id":534,"date":"2023-10-16T14:18:01","date_gmt":"2023-10-16T12:18:01","guid":{"rendered":"http:\/\/aigua.eu\/?page_id=534"},"modified":"2023-10-16T14:18:35","modified_gmt":"2023-10-16T12:18:35","slug":"mapa-del-sitio","status":"publish","type":"page","link":"https:\/\/aigua.eu\/ca\/mapa-del-sitio\/","title":{"rendered":"Mapa del sitio"},"content":{"rendered":"<div data-elementor-type=\"wp-page\" data-elementor-id=\"534\" class=\"elementor elementor-534\">\n\t\t\t\t\t\t\t\t\t<section class=\"elementor-section elementor-top-section elementor-element elementor-element-650eae0e elementor-section-boxed elementor-section-height-default elementor-section-height-default\" data-id=\"650eae0e\" data-element_type=\"section\" data-settings=\"{&quot;background_background&quot;:&quot;classic&quot;}\">\n\t\t\t\t\t\t\t<div class=\"elementor-background-overlay\"><\/div>\n\t\t\t\t\t\t\t<div class=\"elementor-container elementor-column-gap-default\">\n\t\t\t\t\t<div class=\"elementor-column elementor-col-100 elementor-top-column elementor-element elementor-element-688d1159\" data-id=\"688d1159\" data-element_type=\"column\">\n\t\t\t<div class=\"elementor-widget-wrap elementor-element-populated\">\n\t\t\t\t\t\t\t\t<section class=\"elementor-section elementor-inner-section elementor-element elementor-element-19cc794f elementor-section-boxed elementor-section-height-default elementor-section-height-default\" data-id=\"19cc794f\" data-element_type=\"section\">\n\t\t\t\t\t\t<div class=\"elementor-container elementor-column-gap-default\">\n\t\t\t\t\t<div class=\"elementor-column elementor-col-100 elementor-inner-column elementor-element elementor-element-3a55f11c\" data-id=\"3a55f11c\" data-element_type=\"column\">\n\t\t\t<div class=\"elementor-widget-wrap elementor-element-populated\">\n\t\t\t\t\t\t\t\t<div class=\"elementor-element elementor-element-c600d81 elementor-icon-list--layout-inline elementor-align-center elementor-list-item-link-full_width elementor-widget elementor-widget-icon-list\" data-id=\"c600d81\" data-element_type=\"widget\" data-widget_type=\"icon-list.default\">\n\t\t\t\t<div class=\"elementor-widget-container\">\n\t\t\t<link rel=\"stylesheet\" href=\"https:\/\/aigua.eu\/wp-content\/plugins\/elementor\/assets\/css\/widget-icon-list.min.css\">\t\t<ul class=\"elementor-icon-list-items elementor-inline-items\">\n\t\t\t\t\t\t\t<li class=\"elementor-icon-list-item elementor-inline-item\">\n\t\t\t\t\t\t\t\t\t\t<span class=\"elementor-icon-list-text\">Casa<\/span>\n\t\t\t\t\t\t\t\t\t<\/li>\n\t\t\t\t\t\t\t\t<li class=\"elementor-icon-list-item elementor-inline-item\">\n\t\t\t\t\t\t\t\t\t\t\t<span class=\"elementor-icon-list-icon\">\n\t\t\t\t\t\t\t<i aria-hidden=\"true\" class=\"fas fa-chevron-circle-right\"><\/i>\t\t\t\t\t\t<\/span>\n\t\t\t\t\t\t\t\t\t\t<span class=\"elementor-icon-list-text\">Mapa del sitio<\/span>\n\t\t\t\t\t\t\t\t\t<\/li>\n\t\t\t\t\t\t<\/ul>\n\t\t\t\t<\/div>\n\t\t\t\t<\/div>\n\t\t\t\t<div class=\"elementor-element elementor-element-649ee38a elementor-invisible elementor-widget elementor-widget-heading\" data-id=\"649ee38a\" data-element_type=\"widget\" data-settings=\"{&quot;_animation&quot;:&quot;fadeInUp&quot;}\" data-widget_type=\"heading.default\">\n\t\t\t\t<div class=\"elementor-widget-container\">\n\t\t\t<style>\/*! elementor - v3.16.0 - 09-10-2023 *\/\n.elementor-heading-title{padding:0;margin:0;line-height:1}.elementor-widget-heading .elementor-heading-title[class*=elementor-size-]>a{color:inherit;font-size:inherit;line-height:inherit}.elementor-widget-heading .elementor-heading-title.elementor-size-small{font-size:15px}.elementor-widget-heading .elementor-heading-title.elementor-size-medium{font-size:19px}.elementor-widget-heading .elementor-heading-title.elementor-size-large{font-size:29px}.elementor-widget-heading .elementor-heading-title.elementor-size-xl{font-size:39px}.elementor-widget-heading .elementor-heading-title.elementor-size-xxl{font-size:59px}<\/style><h1 class=\"elementor-heading-title elementor-size-default\">Mapa del sitio<\/h1>\t\t<\/div>\n\t\t\t\t<\/div>\n\t\t\t\t\t<\/div>\n\t\t<\/div>\n\t\t\t\t\t\t\t<\/div>\n\t\t<\/section>\n\t\t\t\t\t<\/div>\n\t\t<\/div>\n\t\t\t\t\t\t\t<\/div>\n\t\t<\/section>\n\t\t<div class=\"elementor-element elementor-element-436aa2d e-flex e-con-boxed e-con e-parent\" data-id=\"436aa2d\" data-element_type=\"container\" data-settings=\"{&quot;content_width&quot;:&quot;boxed&quot;}\" data-core-v316-plus=\"true\">\n\t\t\t\t\t<div class=\"e-con-inner\">\n\t\t\t\t<div class=\"elementor-element elementor-element-13fbf13 elementor-widget elementor-widget-sitemap\" data-id=\"13fbf13\" data-element_type=\"widget\" data-widget_type=\"sitemap.default\">\n\t\t\t\t<div class=\"elementor-widget-container\">\n\t\t\t<link rel=\"stylesheet\" href=\"https:\/\/aigua.eu\/wp-content\/plugins\/elementor-pro\/assets\/css\/widget-theme-elements.min.css\"><div class=\"elementor-sitemap-wrap\"><div class=\"elementor-sitemap-section\"><h2 class=\"elementor-sitemap-title elementor-sitemap-page-title\">P\u00e1ginas<\/h2><ul class=\"elementor-sitemap-list elementor-sitemap-page-list\"><li class=\"elementor-sitemap-item elementor-sitemap-item-page page_item page-item-534\"><a href=\"https:\/\/aigua.eu\/ca\/mapa-del-sitio\/\">Mapa del sitio<\/a><\/li><li class=\"elementor-sitemap-item elementor-sitemap-item-page page_item page-item-529\"><a href=\"https:\/\/aigua.eu\/ca\/declaracion-de-accesibilidad\/\">Declaraci\u00f3n de accesibilidad<\/a><\/li><li class=\"elementor-sitemap-item elementor-sitemap-item-page page_item page-item-519\"><a href=\"https:\/\/aigua.eu\/ca\/politica-de-proteccion-de-datos\/\">Pol\u00edtica de protecci\u00f3n de datos<\/a><\/li><li class=\"elementor-sitemap-item elementor-sitemap-item-page page_item page-item-514\"><a href=\"https:\/\/aigua.eu\/ca\/politica-de-cookies\/\">Pol\u00edtica de cookies<\/a><\/li><li class=\"elementor-sitemap-item elementor-sitemap-item-page page_item page-item-501\"><a href=\"https:\/\/aigua.eu\/ca\/aviso-legal\/\">Aviso legal<\/a><\/li><li class=\"elementor-sitemap-item elementor-sitemap-item-page page_item page-item-436\"><a href=\"https:\/\/aigua.eu\/ca\/ficha-tecnica-120-elite-sotabanco\/\">Fitxa t\u00e8cnica: 120 Elit Garret<\/a><\/li><li class=\"elementor-sitemap-item elementor-sitemap-item-page page_item page-item-429\"><a href=\"https:\/\/aigua.eu\/ca\/ficha-tecnica-120-touch-soprabanco\/\">Fitxa t\u00e8cnica: 120 Toca Soprabanco<\/a><\/li><li class=\"elementor-sitemap-item elementor-sitemap-item-page page_item page-item-421\"><a href=\"https:\/\/aigua.eu\/ca\/ficha-tecnica-smile\/\">Fitxa t\u00e8cnica: Somriure<\/a><\/li><li class=\"elementor-sitemap-item elementor-sitemap-item-page page_item page-item-414\"><a href=\"https:\/\/aigua.eu\/ca\/ficha-tecnica-up-60-touch\/\">Especificacions t\u00e8cniques: Fins A 60 Toca<\/a><\/li><li class=\"elementor-sitemap-item elementor-sitemap-item-page page_item page-item-406\"><a href=\"https:\/\/aigua.eu\/ca\/ficha-tecnica-vitallogik\/\">Fitxa t\u00e8cnica: VitalLogik<\/a><\/li><li class=\"elementor-sitemap-item elementor-sitemap-item-page page_item page-item-398\"><a href=\"https:\/\/aigua.eu\/ca\/ficha-tecnica-hidro-logik\/\">Fitxa t\u00e8cnica: l&#039;Hidra Logik<\/a><\/li><li class=\"elementor-sitemap-item elementor-sitemap-item-page page_item page-item-383\"><a href=\"https:\/\/aigua.eu\/ca\/ficha-tecnica-pura-tech-micro\/\">Fitxa t\u00e8cnica: Pura Tecnologia Micro<\/a><\/li><li class=\"elementor-sitemap-item elementor-sitemap-item-page page_item page-item-375\"><a href=\"https:\/\/aigua.eu\/ca\/ficha-tecnica-pura-tech-700\/\">Fitxa t\u00e8cnica: Pura Tecnologia 700<\/a><\/li><li class=\"elementor-sitemap-item elementor-sitemap-item-page page_item page-item-367\"><a href=\"https:\/\/aigua.eu\/ca\/ficha-tecnica-pura-tech-900\/\">Fitxa t\u00e8cnica: Pura Tecnologia 900<\/a><\/li><li class=\"elementor-sitemap-item elementor-sitemap-item-page page_item page-item-359\"><a href=\"https:\/\/aigua.eu\/ca\/ficha-tecnica-pro-plus-101\/\">Fitxa t\u00e8cnica: Pro Plus 101<\/a><\/li><li class=\"elementor-sitemap-item elementor-sitemap-item-page page_item page-item-357\"><a href=\"https:\/\/aigua.eu\/ca\/ficha-tecnica-pro-plus-180\/\">Fitxa t\u00e8cnica: Pro Plus 180<\/a><\/li><li class=\"elementor-sitemap-item elementor-sitemap-item-page page_item page-item-349\"><a href=\"https:\/\/aigua.eu\/ca\/ficha-tecnica-pro-plus-380\/\">Fitxa t\u00e8cnica: Pro Plus 380<\/a><\/li><li class=\"elementor-sitemap-item elementor-sitemap-item-page page_item page-item-338\"><a href=\"https:\/\/aigua.eu\/ca\/ficha-tecnica-ecologik\/\">Fitxa t\u00e8cnica: EcoLogik<\/a><\/li><li class=\"elementor-sitemap-item elementor-sitemap-item-page page_item page-item-330\"><a href=\"https:\/\/aigua.eu\/ca\/ficha-tecnica-osmopack-ls\/\">Fitxa t\u00e8cnica: Osmopack LS<\/a><\/li><li class=\"elementor-sitemap-item elementor-sitemap-item-page page_item page-item-315\"><a href=\"https:\/\/aigua.eu\/ca\/ficha-tecnica-protecnic\/\">Fitxa t\u00e8cnica: ProTecnic<\/a><\/li><li class=\"elementor-sitemap-item elementor-sitemap-item-page page_item page-item-304\"><a href=\"https:\/\/aigua.eu\/ca\/ficha-tecnica-smart-thin\/\">Fitxa t\u00e8cnica: Smart Thin<\/a><\/li><li class=\"elementor-sitemap-item elementor-sitemap-item-page page_item page-item-281\"><a href=\"https:\/\/aigua.eu\/ca\/ficha-tecnica-sanna\/\">Informaci\u00f3 t\u00e8cnica: Sanna<\/a><\/li><li class=\"elementor-sitemap-item elementor-sitemap-item-page page_item page-item-231\"><a href=\"https:\/\/aigua.eu\/ca\/productos\/\">Productes<\/a><\/li><li class=\"elementor-sitemap-item elementor-sitemap-item-page page_item page-item-218\"><a href=\"https:\/\/aigua.eu\/ca\/contacto\/\">Contacte<\/a><\/li><li class=\"elementor-sitemap-item elementor-sitemap-item-page page_item page-item-196\"><a href=\"https:\/\/aigua.eu\/ca\/blog\/\">Blog<\/a><\/li><li class=\"elementor-sitemap-item elementor-sitemap-item-page page_item page-item-190\"><a href=\"https:\/\/aigua.eu\/ca\/responsabilidad-social\/\">Responsabilitat Social<\/a><\/li><li class=\"elementor-sitemap-item elementor-sitemap-item-page page_item page-item-161\"><a href=\"https:\/\/aigua.eu\/ca\/cultura-del-agua\/\">La cultura de l&#039;aigua<\/a><\/li><li class=\"elementor-sitemap-item elementor-sitemap-item-page page_item page-item-147\"><a href=\"https:\/\/aigua.eu\/ca\/quienes-somos\/\">Qui\u00e9nes somos<\/a><\/li><li class=\"elementor-sitemap-item elementor-sitemap-item-page page_item page-item-25\"><a href=\"https:\/\/aigua.eu\/ca\/\">Inicio<\/a><\/li><\/ul><\/div><\/div>\t\t<\/div>\n\t\t\t\t<\/div>\n\t\t\t\t\t<\/div>\n\t\t\t\t<\/div>\n\t\t\t\t\t\t\t<\/div>","protected":false},"excerpt":{"rendered":"<p>Casa<\/p>","protected":false},"author":1,"featured_media":0,"parent":0,"menu_order":0,"comment_status":"closed","ping_status":"closed","template":"page-templates\/template-pagebuilder-full-width.php","meta":{"neve_meta_sidebar":"","neve_meta_container":"","neve_meta_enable_content_width":"off","neve_meta_content_width":100,"neve_meta_title_alignment":"","neve_meta_author_avatar":"","neve_post_elements_order":"","neve_meta_disable_header":"","neve_meta_disable_footer":"","neve_meta_disable_title":"","footnotes":""},"class_list":["post-534","page","type-page","status-publish","hentry"],"yoast_head":"<!-- This site is optimized with the Yoast SEO plugin v21.4 - https:\/\/yoast.com\/wordpress\/plugins\/seo\/ -->\n<title>Mapa del sitio - Aigua | Transforma tu agua para un hogar m\u00e1s saludable<\/title>\n<meta name=\"robots\" content=\"index, follow, max-snippet:-1, max-image-preview:large, max-video-preview:-1\" \/>\n<link rel=\"canonical\" href=\"https:\/\/aigua.eu\/ca\/mapa-del-sitio\/\" \/>\n<meta property=\"og:locale\" content=\"ca_ES\" \/>\n<meta property=\"og:type\" content=\"article\" \/>\n<meta property=\"og:title\" content=\"Mapa del sitio - Aigua | Transforma tu agua para un hogar m\u00e1s saludable\" \/>\n<meta property=\"og:description\" content=\"Home\" \/>\n<meta property=\"og:url\" content=\"https:\/\/aigua.eu\/ca\/mapa-del-sitio\/\" \/>\n<meta property=\"og:site_name\" content=\"Aigua | Transforma tu agua para un hogar m\u00e1s saludable\" \/>\n<meta property=\"article:modified_time\" content=\"2023-10-16T12:18:35+00:00\" \/>\n<meta name=\"twitter:card\" content=\"summary_large_image\" \/>\n<script type=\"application\/ld+json\" class=\"yoast-schema-graph\">{\"@context\":\"https:\/\/schema.org\",\"@graph\":[{\"@type\":\"WebPage\",\"@id\":\"https:\/\/aigua.eu\/es\/mapa-del-sitio\/\",\"url\":\"https:\/\/aigua.eu\/es\/mapa-del-sitio\/\",\"name\":\"Mapa del sitio - Aigua | Transforma tu agua para un hogar m\u00e1s saludable\",\"isPartOf\":{\"@id\":\"https:\/\/aigua.eu\/es\/#website\"},\"datePublished\":\"2023-10-16T12:18:01+00:00\",\"dateModified\":\"2023-10-16T12:18:35+00:00\",\"breadcrumb\":{\"@id\":\"https:\/\/aigua.eu\/es\/mapa-del-sitio\/#breadcrumb\"},\"inLanguage\":\"ca\",\"potentialAction\":[{\"@type\":\"ReadAction\",\"target\":[\"https:\/\/aigua.eu\/es\/mapa-del-sitio\/\"]}]},{\"@type\":\"BreadcrumbList\",\"@id\":\"https:\/\/aigua.eu\/es\/mapa-del-sitio\/#breadcrumb\",\"itemListElement\":[{\"@type\":\"ListItem\",\"position\":1,\"name\":\"Portada\",\"item\":\"https:\/\/aigua.eu\/\"},{\"@type\":\"ListItem\",\"position\":2,\"name\":\"Mapa del sitio\"}]},{\"@type\":\"WebSite\",\"@id\":\"https:\/\/aigua.eu\/es\/#website\",\"url\":\"https:\/\/aigua.eu\/es\/\",\"name\":\"Aigua | Transforma tu agua para un hogar m\u00e1s saludable\",\"description\":\"Conf\u00eda en Aigua para la b\u00fasqueda de agua m\u00e1s limpia y saludable para tu hogar. En un mundo donde el acceso a agua de calidad es esencial, estamos aqu\u00ed para brindarte soluciones de vanguardia en m\u00e1quinas de tratamiento de agua dise\u00f1adas espec\u00edficamente para uso dom\u00e9stico.\",\"potentialAction\":[{\"@type\":\"SearchAction\",\"target\":{\"@type\":\"EntryPoint\",\"urlTemplate\":\"https:\/\/aigua.eu\/es\/?s={search_term_string}\"},\"query-input\":\"required name=search_term_string\"}],\"inLanguage\":\"ca\"}]}<\/script>\n<!-- \/ Yoast SEO plugin. -->","yoast_head_json":{"title":"Mapa del sitio - Aigua | Transforma tu agua para un hogar m\u00e1s saludable","robots":{"index":"index","follow":"follow","max-snippet":"max-snippet:-1","max-image-preview":"max-image-preview:large","max-video-preview":"max-video-preview:-1"},"canonical":"https:\/\/aigua.eu\/ca\/mapa-del-sitio\/","og_locale":"ca_ES","og_type":"article","og_title":"Mapa del sitio - Aigua | Transforma tu agua para un hogar m\u00e1s saludable","og_description":"Home","og_url":"https:\/\/aigua.eu\/ca\/mapa-del-sitio\/","og_site_name":"Aigua | Transforma tu agua para un hogar m\u00e1s saludable","article_modified_time":"2023-10-16T12:18:35+00:00","twitter_card":"summary_large_image","schema":{"@context":"https:\/\/schema.org","@graph":[{"@type":"WebPage","@id":"https:\/\/aigua.eu\/es\/mapa-del-sitio\/","url":"https:\/\/aigua.eu\/es\/mapa-del-sitio\/","name":"Mapa del sitio - Aigua | Transforma tu agua para un hogar m\u00e1s saludable","isPartOf":{"@id":"https:\/\/aigua.eu\/es\/#website"},"datePublished":"2023-10-16T12:18:01+00:00","dateModified":"2023-10-16T12:18:35+00:00","breadcrumb":{"@id":"https:\/\/aigua.eu\/es\/mapa-del-sitio\/#breadcrumb"},"inLanguage":"ca","potentialAction":[{"@type":"ReadAction","target":["https:\/\/aigua.eu\/es\/mapa-del-sitio\/"]}]},{"@type":"BreadcrumbList","@id":"https:\/\/aigua.eu\/es\/mapa-del-sitio\/#breadcrumb","itemListElement":[{"@type":"ListItem","position":1,"name":"Portada","item":"https:\/\/aigua.eu\/"},{"@type":"ListItem","position":2,"name":"Mapa del sitio"}]},{"@type":"WebSite","@id":"https:\/\/aigua.eu\/es\/#website","url":"https:\/\/aigua.eu\/es\/","name":"Aigua | Transforma tu agua para un hogar m\u00e1s saludable","description":"Conf\u00eda en Aigua para la b\u00fasqueda de agua m\u00e1s limpia y saludable para tu hogar. En un mundo donde el acceso a agua de calidad es esencial, estamos aqu\u00ed para brindarte soluciones de vanguardia en m\u00e1quinas de tratamiento de agua dise\u00f1adas espec\u00edficamente para uso dom\u00e9stico.","potentialAction":[{"@type":"SearchAction","target":{"@type":"EntryPoint","urlTemplate":"https:\/\/aigua.eu\/es\/?s={search_term_string}"},"query-input":"required name=search_term_string"}],"inLanguage":"ca"}]}},"_links":{"self":[{"href":"https:\/\/aigua.eu\/ca\/wp-json\/wp\/v2\/pages\/534","targetHints":{"allow":["GET"]}}],"collection":[{"href":"https:\/\/aigua.eu\/ca\/wp-json\/wp\/v2\/pages"}],"about":[{"href":"https:\/\/aigua.eu\/ca\/wp-json\/wp\/v2\/types\/page"}],"author":[{"embeddable":true,"href":"https:\/\/aigua.eu\/ca\/wp-json\/wp\/v2\/users\/1"}],"replies":[{"embeddable":true,"href":"https:\/\/aigua.eu\/ca\/wp-json\/wp\/v2\/comments?post=534"}],"version-history":[{"count":4,"href":"https:\/\/aigua.eu\/ca\/wp-json\/wp\/v2\/pages\/534\/revisions"}],"predecessor-version":[{"id":538,"href":"https:\/\/aigua.eu\/ca\/wp-json\/wp\/v2\/pages\/534\/revisions\/538"}],"wp:attachment":[{"href":"https:\/\/aigua.eu\/ca\/wp-json\/wp\/v2\/media?parent=534"}],"curies":[{"name":"wp","href":"https:\/\/api.w.org\/{rel}","templated":true}]}}