{"id":436,"date":"2023-09-23T22:46:04","date_gmt":"2023-09-23T20:46:04","guid":{"rendered":"https:\/\/nutriwater.ultbit.com\/?page_id=436"},"modified":"2023-09-23T22:47:46","modified_gmt":"2023-09-23T20:47:46","slug":"ficha-tecnica-120-elite-sotabanco","status":"publish","type":"page","link":"https:\/\/aigua.eu\/ca\/ficha-tecnica-120-elite-sotabanco\/","title":{"rendered":"Fitxa t\u00e8cnica: 120 Elit Garret"},"content":{"rendered":"<div data-elementor-type=\"wp-page\" data-elementor-id=\"436\" class=\"elementor elementor-436\">\n\t\t\t\t\t\t\t\t\t<section class=\"elementor-section elementor-top-section elementor-element elementor-element-5af7978c elementor-section-boxed elementor-section-height-default elementor-section-height-default\" data-id=\"5af7978c\" data-element_type=\"section\" data-settings=\"{&quot;background_background&quot;:&quot;classic&quot;}\">\n\t\t\t\t\t\t\t<div class=\"elementor-background-overlay\"><\/div>\n\t\t\t\t\t\t\t<div class=\"elementor-container elementor-column-gap-default\">\n\t\t\t\t\t<div class=\"elementor-column elementor-col-100 elementor-top-column elementor-element elementor-element-4f5b9a0f\" data-id=\"4f5b9a0f\" data-element_type=\"column\">\n\t\t\t<div class=\"elementor-widget-wrap elementor-element-populated\">\n\t\t\t\t\t\t\t\t<section class=\"elementor-section elementor-inner-section elementor-element elementor-element-21f2f82d elementor-section-boxed elementor-section-height-default elementor-section-height-default\" data-id=\"21f2f82d\" data-element_type=\"section\">\n\t\t\t\t\t\t<div class=\"elementor-container elementor-column-gap-default\">\n\t\t\t\t\t<div class=\"elementor-column elementor-col-100 elementor-inner-column elementor-element elementor-element-4545ce5b\" data-id=\"4545ce5b\" data-element_type=\"column\">\n\t\t\t<div class=\"elementor-widget-wrap elementor-element-populated\">\n\t\t\t\t\t\t\t\t<div class=\"elementor-element elementor-element-29493d46 elementor-icon-list--layout-inline elementor-align-center elementor-list-item-link-full_width elementor-widget elementor-widget-icon-list\" data-id=\"29493d46\" data-element_type=\"widget\" data-widget_type=\"icon-list.default\">\n\t\t\t\t<div class=\"elementor-widget-container\">\n\t\t\t<link rel=\"stylesheet\" href=\"https:\/\/aigua.eu\/wp-content\/plugins\/elementor\/assets\/css\/widget-icon-list.min.css\">\t\t<ul class=\"elementor-icon-list-items elementor-inline-items\">\n\t\t\t\t\t\t\t<li class=\"elementor-icon-list-item elementor-inline-item\">\n\t\t\t\t\t\t\t\t\t\t<span class=\"elementor-icon-list-text\">Casa<\/span>\n\t\t\t\t\t\t\t\t\t<\/li>\n\t\t\t\t\t\t\t\t<li class=\"elementor-icon-list-item elementor-inline-item\">\n\t\t\t\t\t\t\t\t\t\t\t<span class=\"elementor-icon-list-icon\">\n\t\t\t\t\t\t\t<i aria-hidden=\"true\" class=\"fas fa-chevron-circle-right\"><\/i>\t\t\t\t\t\t<\/span>\n\t\t\t\t\t\t\t\t\t\t<span class=\"elementor-icon-list-text\">Fitxa t\u00e8cnica: 120 Elit Garret<\/span>\n\t\t\t\t\t\t\t\t\t<\/li>\n\t\t\t\t\t\t<\/ul>\n\t\t\t\t<\/div>\n\t\t\t\t<\/div>\n\t\t\t\t<div class=\"elementor-element elementor-element-1867bd13 elementor-invisible elementor-widget elementor-widget-heading\" data-id=\"1867bd13\" data-element_type=\"widget\" data-settings=\"{&quot;_animation&quot;:&quot;fadeInUp&quot;}\" data-widget_type=\"heading.default\">\n\t\t\t\t<div class=\"elementor-widget-container\">\n\t\t\t<style>\/*! elementor - v3.16.0 - 09-10-2023 *\/\n.elementor-heading-title{padding:0;margin:0;line-height:1}.elementor-widget-heading .elementor-heading-title[class*=elementor-size-]>a{color:inherit;font-size:inherit;line-height:inherit}.elementor-widget-heading .elementor-heading-title.elementor-size-small{font-size:15px}.elementor-widget-heading .elementor-heading-title.elementor-size-medium{font-size:19px}.elementor-widget-heading .elementor-heading-title.elementor-size-large{font-size:29px}.elementor-widget-heading .elementor-heading-title.elementor-size-xl{font-size:39px}.elementor-widget-heading .elementor-heading-title.elementor-size-xxl{font-size:59px}<\/style><h2 class=\"elementor-heading-title elementor-size-default\">Fitxa t\u00e8cnica: 120 Elit Garret<\/h2>\t\t<\/div>\n\t\t\t\t<\/div>\n\t\t\t\t\t<\/div>\n\t\t<\/div>\n\t\t\t\t\t\t\t<\/div>\n\t\t<\/section>\n\t\t\t\t\t<\/div>\n\t\t<\/div>\n\t\t\t\t\t\t\t<\/div>\n\t\t<\/section>\n\t\t\t\t<section class=\"elementor-section elementor-top-section elementor-element elementor-element-6853a16 elementor-section-content-middle elementor-section-boxed elementor-section-height-default elementor-section-height-default\" data-id=\"6853a16\" data-element_type=\"section\">\n\t\t\t\t\t\t\t<div class=\"elementor-background-overlay\"><\/div>\n\t\t\t\t\t\t\t<div class=\"elementor-container elementor-column-gap-default\">\n\t\t\t\t\t<div class=\"elementor-column elementor-col-50 elementor-top-column elementor-element elementor-element-3c8994ab\" data-id=\"3c8994ab\" data-element_type=\"column\">\n\t\t\t<div class=\"elementor-widget-wrap elementor-element-populated\">\n\t\t\t\t\t\t\t\t<div class=\"elementor-element elementor-element-09e0335 elementor-widget elementor-widget-image\" data-id=\"09e0335\" data-element_type=\"widget\" data-widget_type=\"image.default\">\n\t\t\t\t<div class=\"elementor-widget-container\">\n\t\t\t<style>\/*! elementor - v3.16.0 - 09-10-2023 *\/\n.elementor-widget-image{text-align:center}.elementor-widget-image a{display:inline-block}.elementor-widget-image a img[src$=\".svg\"]{width:48px}.elementor-widget-image img{vertical-align:middle;display:inline-block}<\/style>\t\t\t\t\t\t\t\t\t\t\t\t<img loading=\"lazy\" decoding=\"async\" width=\"365\" height=\"415\" src=\"https:\/\/aigua.eu\/wp-content\/uploads\/2023\/09\/120-sotabanco.png\" class=\"attachment-large size-large wp-image-438\" alt=\"\" srcset=\"https:\/\/aigua.eu\/wp-content\/uploads\/2023\/09\/120-sotabanco.png 365w, https:\/\/aigua.eu\/wp-content\/uploads\/2023\/09\/120-sotabanco-264x300.png 264w\" sizes=\"auto, (max-width: 365px) 100vw, 365px\" \/>\t\t\t\t\t\t\t\t\t\t\t\t\t\t\t<\/div>\n\t\t\t\t<\/div>\n\t\t\t\t\t<\/div>\n\t\t<\/div>\n\t\t\t\t<div class=\"elementor-column elementor-col-50 elementor-top-column elementor-element elementor-element-53fdb0be elementor-invisible\" data-id=\"53fdb0be\" data-element_type=\"column\" data-settings=\"{&quot;animation&quot;:&quot;fadeInLeft&quot;}\">\n\t\t\t<div class=\"elementor-widget-wrap elementor-element-populated\">\n\t\t\t\t\t\t\t\t<div class=\"elementor-element elementor-element-51d5c616 elementor-widget elementor-widget-heading\" data-id=\"51d5c616\" data-element_type=\"widget\" data-widget_type=\"heading.default\">\n\t\t\t\t<div class=\"elementor-widget-container\">\n\t\t\t<h2 class=\"elementor-heading-title elementor-size-default\">120 Elit Garret<\/h2>\t\t<\/div>\n\t\t\t\t<\/div>\n\t\t\t\t<div class=\"elementor-element elementor-element-4c1e7136 elementor-widget elementor-widget-text-editor\" data-id=\"4c1e7136\" data-element_type=\"widget\" data-widget_type=\"text-editor.default\">\n\t\t\t\t<div class=\"elementor-widget-container\">\n\t\t\t<style>\/*! elementor - v3.16.0 - 09-10-2023 *\/\n.elementor-widget-text-editor.elementor-drop-cap-view-stacked .elementor-drop-cap{background-color:#69727d;color:#fff}.elementor-widget-text-editor.elementor-drop-cap-view-framed .elementor-drop-cap{color:#69727d;border:3px solid;background-color:transparent}.elementor-widget-text-editor:not(.elementor-drop-cap-view-default) .elementor-drop-cap{margin-top:8px}.elementor-widget-text-editor:not(.elementor-drop-cap-view-default) .elementor-drop-cap-letter{width:1em;height:1em}.elementor-widget-text-editor .elementor-drop-cap{float:left;text-align:center;line-height:1;font-size:50px}.elementor-widget-text-editor .elementor-drop-cap-letter{display:inline-block}<\/style>\t\t\t\t<p><strong>La s\u00e8rie 60 i 120<\/strong>\u00a0les m\u00e0quines s\u00f3n fabricats per proporcionar un alt rendiment en el sector horeca. La seva mida compacta fer-los perfecte per suportar l&#039;alta tensi\u00f3 de la demanda, tant en bars i restaurants i hotels.<\/p><p>El disseny d&#039;aquests dispensadors \u00e9s una barreja perfecta de l&#039;estil i la fiabilitat. El projecte va n\u00e9ixer d&#039;una an\u00e0lisi exhaustiva de les necessitats del sector horeca. Avui dia, els professionals de la ind\u00fastria necessitat d&#039;alt rendiment i fiabilitat amb una interf\u00edcie f\u00e0cil d&#039;utilitzar. Aquesta tecnologia permet la possibilitat de refrescar una considerable quantitat d&#039;aigua, fins i tot quan surt cont\u00ednuament molts litres d&#039;aigua. Tenim dues versions, electr\u00f2nica, molt c\u00f2mode d&#039;utilitzar a causa de la seva pantalla t\u00e0ctil, que \u00e9s molt simple i convenient per ajustar el doble de la dosi, gerra o un got, i tamb\u00e9 disposem de la versi\u00f3 totalment mec\u00e0nica. En la versi\u00f3 electr\u00f2nica est\u00e0 disponible el m\u00f2dul de l&#039;Oz\u00f3 (opcional), que d\u00f3na el m\u00e0xim nivell de seguretat i higiene, evitant qualsevol retro-contaminaci\u00f3 bacteriana.<\/p><p><strong>A Horeca Bermax nom\u00e9s utilitzem materials de primera qualitat<\/strong>com el vidre, l&#039;acer inoxidable, i els components electr\u00f2nics d&#039;alta qualitat.<\/p>\t\t\t\t\t\t<\/div>\n\t\t\t\t<\/div>\n\t\t\t\t<div class=\"elementor-element elementor-element-5e8542f8 elementor-widget elementor-widget-button\" data-id=\"5e8542f8\" data-element_type=\"widget\" data-widget_type=\"button.default\">\n\t\t\t\t<div class=\"elementor-widget-container\">\n\t\t\t\t\t<div class=\"elementor-button-wrapper\">\n\t\t\t<a class=\"elementor-button elementor-button-link elementor-size-md\" href=\"https:\/\/aigua.eu\/ca\/contacto\/\">\n\t\t\t\t\t\t<span class=\"elementor-button-content-wrapper\">\n\t\t\t\t\t\t<span class=\"elementor-button-text\">Contacte amb nosaltres<\/span>\n\t\t<\/span>\n\t\t\t\t\t<\/a>\n\t\t<\/div>\n\t\t\t\t<\/div>\n\t\t\t\t<\/div>\n\t\t\t\t\t<\/div>\n\t\t<\/div>\n\t\t\t\t\t\t\t<\/div>\n\t\t<\/section>\n\t\t\t\t<section class=\"elementor-section elementor-top-section elementor-element elementor-element-962309c elementor-section-content-middle elementor-section-boxed elementor-section-height-default elementor-section-height-default\" data-id=\"962309c\" data-element_type=\"section\" data-settings=\"{&quot;background_background&quot;:&quot;classic&quot;}\">\n\t\t\t\t\t\t\t<div class=\"elementor-background-overlay\"><\/div>\n\t\t\t\t\t\t\t<div class=\"elementor-container elementor-column-gap-default\">\n\t\t\t\t\t<div class=\"elementor-column elementor-col-100 elementor-top-column elementor-element elementor-element-e234e8f elementor-invisible\" data-id=\"e234e8f\" data-element_type=\"column\" data-settings=\"{&quot;animation&quot;:&quot;fadeInLeft&quot;}\">\n\t\t\t<div class=\"elementor-widget-wrap elementor-element-populated\">\n\t\t\t\t\t\t\t\t<div class=\"elementor-element elementor-element-ac8c3f1 elementor-widget elementor-widget-accordion\" data-id=\"ac8c3f1\" data-element_type=\"widget\" data-widget_type=\"accordion.default\">\n\t\t\t\t<div class=\"elementor-widget-container\">\n\t\t\t<style>\/*! elementor - v3.16.0 - 09-10-2023 *\/\n.elementor-accordion{text-align:left}.elementor-accordion .elementor-accordion-item{border:1px solid #d5d8dc}.elementor-accordion .elementor-accordion-item+.elementor-accordion-item{border-top:none}.elementor-accordion .elementor-tab-title{margin:0;padding:15px 20px;font-weight:700;line-height:1;cursor:pointer;outline:none}.elementor-accordion .elementor-tab-title .elementor-accordion-icon{display:inline-block;width:1.5em}.elementor-accordion .elementor-tab-title .elementor-accordion-icon svg{width:1em;height:1em}.elementor-accordion .elementor-tab-title .elementor-accordion-icon.elementor-accordion-icon-right{float:right;text-align:right}.elementor-accordion .elementor-tab-title .elementor-accordion-icon.elementor-accordion-icon-left{float:left;text-align:left}.elementor-accordion .elementor-tab-title .elementor-accordion-icon .elementor-accordion-icon-closed{display:block}.elementor-accordion .elementor-tab-title .elementor-accordion-icon .elementor-accordion-icon-opened,.elementor-accordion .elementor-tab-title.elementor-active .elementor-accordion-icon-closed{display:none}.elementor-accordion .elementor-tab-title.elementor-active .elementor-accordion-icon-opened{display:block}.elementor-accordion .elementor-tab-content{display:none;padding:15px 20px;border-top:1px solid #d5d8dc}@media (max-width:767px){.elementor-accordion .elementor-tab-title{padding:12px 15px}.elementor-accordion .elementor-tab-title .elementor-accordion-icon{width:1.2em}.elementor-accordion .elementor-tab-content{padding:7px 15px}}.e-con-inner>.elementor-widget-accordion,.e-con>.elementor-widget-accordion{width:var(--container-widget-width);--flex-grow:var(--container-widget-flex-grow)}<\/style>\t\t<div class=\"elementor-accordion\">\n\t\t\t\t\t\t\t<div class=\"elementor-accordion-item\">\n\t\t\t\t\t<div id=\"elementor-tab-title-1801\" class=\"elementor-tab-title\" data-tab=\"1\" role=\"button\" aria-controls=\"elementor-tab-content-1801\" aria-expanded=\"false\">\n\t\t\t\t\t\t\t\t\t\t\t\t\t<span class=\"elementor-accordion-icon elementor-accordion-icon-left\" aria-hidden=\"true\">\n\t\t\t\t\t\t\t\t\t\t\t\t\t\t\t<span class=\"elementor-accordion-icon-closed\"><i class=\"fas fa-plus\"><\/i><\/span>\n\t\t\t\t\t\t\t\t<span class=\"elementor-accordion-icon-opened\"><i class=\"fas fa-minus\"><\/i><\/span>\n\t\t\t\t\t\t\t\t\t\t\t\t\t\t<\/span>\n\t\t\t\t\t\t\t\t\t\t\t\t<a class=\"elementor-accordion-title\" tabindex=\"0\">DADES T\u00c8CNIQUES<\/a>\n\t\t\t\t\t<\/div>\n\t\t\t\t\t<div id=\"elementor-tab-content-1801\" class=\"elementor-tab-content elementor-clearfix\" data-tab=\"1\" role=\"region\" aria-labelledby=\"elementor-tab-title-1801\"><div class=\"et_pb_module et_pb_text et_pb_text_2  et_pb_text_align_left et_pb_bg_layout_light\"><div class=\"et_pb_text_inner\">FONT D&#039;ALIMENTACI\u00d3 ..........................<p>\u00a0<\/p><p>POT\u00c8NCIA M\u00c0XIMA CONSUMIDA ..........................<\/p><p>TEMPERATURA DE TREBALL ..........................<\/p><p>LA POT\u00c8NCIA DEL COMPRESSOR ..........................<\/p><p>QUANTITAT DE REFRIGERANT ..........................<\/p><p>SISTEMA DE CARBONATACI\u00d3 ..........................<\/p><p>LA TEMPERATURA DE L&#039;AIGUA ..........................<\/p><p>PRODUCCI\u00d3 D&#039;AIGUA FREDA I SENSE GAS ..........................<\/p><p>PRESSI\u00d3 H2O MIN. \u2013 MAX. ..........................<\/p><p>SISTEMA DE REFRIGERACI\u00d3 CAPACITAT ..........................<\/p><p>PRESSI\u00d3 CO2 MIN. \u2013 MAX. ..........................<\/p><p>CONTROLADOR DE FUNCIONS ..........................<\/p><p>GEL BIN ..........................<\/p><p>PES AMB EMBALATGE ..........................<\/p><p>MESURES DISPENSADOR anchoxaltoxprofundidad ..........................<\/p><p>MIDA DEL EMBALATGE ..........................<\/p><p><img loading=\"lazy\" decoding=\"async\" class=\"alignnone size-medium wp-image-439\" src=\"http:\/\/aigua.eu\/wp-content\/uploads\/2023\/09\/iconos3-300x54.png\" alt=\"\" width=\"300\" height=\"54\" srcset=\"https:\/\/aigua.eu\/wp-content\/uploads\/2023\/09\/iconos3-300x54.png 300w, https:\/\/aigua.eu\/wp-content\/uploads\/2023\/09\/iconos3.png 333w\" sizes=\"auto, (max-width: 300px) 100vw, 300px\" \/><\/p><\/div><\/div><\/div>\n\t\t\t\t<\/div>\n\t\t\t\t\t\t\t<div class=\"elementor-accordion-item\">\n\t\t\t\t\t<div id=\"elementor-tab-title-1802\" class=\"elementor-tab-title\" data-tab=\"2\" role=\"button\" aria-controls=\"elementor-tab-content-1802\" aria-expanded=\"false\">\n\t\t\t\t\t\t\t\t\t\t\t\t\t<span class=\"elementor-accordion-icon elementor-accordion-icon-left\" aria-hidden=\"true\">\n\t\t\t\t\t\t\t\t\t\t\t\t\t\t\t<span class=\"elementor-accordion-icon-closed\"><i class=\"fas fa-plus\"><\/i><\/span>\n\t\t\t\t\t\t\t\t<span class=\"elementor-accordion-icon-opened\"><i class=\"fas fa-minus\"><\/i><\/span>\n\t\t\t\t\t\t\t\t\t\t\t\t\t\t<\/span>\n\t\t\t\t\t\t\t\t\t\t\t\t<a class=\"elementor-accordion-title\" tabindex=\"0\">CARACTER\u00cdSTIQUES<\/a>\n\t\t\t\t\t<\/div>\n\t\t\t\t\t<div id=\"elementor-tab-content-1802\" class=\"elementor-tab-content elementor-clearfix\" data-tab=\"2\" role=\"region\" aria-labelledby=\"elementor-tab-title-1802\"><div class=\"et_pb_column et_pb_column_1_2 et_pb_column_3  et_pb_css_mix_blend_mode_passthrough\"><div class=\"et_pb_module et_pb_text et_pb_text_3  et_pb_text_align_left et_pb_bg_layout_light\"><div class=\"et_pb_text_inner\"><p>\u00b7 PRODUCCI\u00d3 120L\/HORA<\/p><p>\u00b7 ELECTR\u00d2NICA: CAP<\/p><p>\u00b7 TIPUS D&#039;AIGUA: MEDI AMBIENT, EL FRED I FREDA<\/p><p>\u00b7 MEC\u00c0NICS DE CONTROL<\/p><\/div><\/div><\/div><div class=\"et_pb_column et_pb_column_1_2 et_pb_column_4  et_pb_css_mix_blend_mode_passthrough et-last-child\"><div class=\"et_pb_module et_pb_text et_pb_text_4  et_pb_text_align_right et_pb_bg_layout_light\"><div class=\"et_pb_text_inner\">220-230 \u2013 50Hz \u2013 sola fase<p>\u00a0<\/p><p>830W \u2013 3.6 UN<\/p><p>10-32\u00ba C<\/p><p>Ajustat 350W<\/p><p>R134a 125 g<\/p><p>Carbonatador 2 L<\/p><p>Regulable de 2 \u00b0 8 \u00b0 C<\/p><p>120 L\/h \u0394t 10<\/p><p>150-400 kPa (1.5-4 bar)<\/p><p>2L<\/p><p>350-550 kPa (3.5-5.5 bar)<\/p><p>Sensor de control de filtres<\/p><p>8 Kg<\/p><p>37 Kg<\/p><p>262x597x480 mm<\/p><p>262x597x485 mm<\/p><\/div><\/div><\/div><\/div>\n\t\t\t\t<\/div>\n\t\t\t\t\t\t\t\t<\/div>\n\t\t\t\t<\/div>\n\t\t\t\t<\/div>\n\t\t\t\t\t<\/div>\n\t\t<\/div>\n\t\t\t\t\t\t\t<\/div>\n\t\t<\/section>\n\t\t\t\t\t\t\t<\/div>","protected":false},"excerpt":{"rendered":"<p>Home 120 Elite Sotabanco La serie 60 y 120\u00a0son m\u00e1quinas fabricadas para ofrecer un alto rendimiento en el sector horeca. Su tama\u00f1o compacto las hacen perfectas para soportar el alto estr\u00e9s de demanda tanto en bares como en restaurantes y hoteles. El dise\u00f1o de estos dispensadores es una mezcla perfecta entre estilo y fiabilidad. El&hellip;&nbsp;<a href=\"https:\/\/aigua.eu\/ca\/ficha-tecnica-120-elite-sotabanco\/\" class=\"\" rel=\"bookmark\">Llegiu m\u00e9s &raquo;<span class=\"screen-reader-text\">Fitxa t\u00e8cnica: 120 Elit Garret<\/span><\/a><\/p>","protected":false},"author":1,"featured_media":0,"parent":0,"menu_order":0,"comment_status":"closed","ping_status":"closed","template":"page-templates\/template-pagebuilder-full-width.php","meta":{"neve_meta_sidebar":"","neve_meta_container":"","neve_meta_enable_content_width":"off","neve_meta_content_width":100,"neve_meta_title_alignment":"","neve_meta_author_avatar":"","neve_post_elements_order":"","neve_meta_disable_header":"","neve_meta_disable_footer":"","neve_meta_disable_title":"","footnotes":""},"class_list":["post-436","page","type-page","status-publish","hentry"],"yoast_head":"<!-- This site is optimized with the Yoast SEO plugin v21.4 - https:\/\/yoast.com\/wordpress\/plugins\/seo\/ -->\n<title>Ficha t\u00e9cnica: 120 Elite Sotabanco - Aigua | Transforma tu agua para un hogar m\u00e1s saludable<\/title>\n<meta name=\"robots\" content=\"index, follow, max-snippet:-1, max-image-preview:large, max-video-preview:-1\" \/>\n<link rel=\"canonical\" href=\"https:\/\/aigua.eu\/ca\/ficha-tecnica-120-elite-sotabanco\/\" \/>\n<meta property=\"og:locale\" content=\"ca_ES\" \/>\n<meta property=\"og:type\" content=\"article\" \/>\n<meta property=\"og:title\" content=\"Ficha t\u00e9cnica: 120 Elite Sotabanco - Aigua | Transforma tu agua para un hogar m\u00e1s saludable\" \/>\n<meta property=\"og:description\" content=\"Home 120 Elite Sotabanco La serie 60 y 120\u00a0son m\u00e1quinas fabricadas para ofrecer un alto rendimiento en el sector horeca. Su tama\u00f1o compacto las hacen perfectas para soportar el alto estr\u00e9s de demanda tanto en bares como en restaurantes y hoteles. El dise\u00f1o de estos dispensadores es una mezcla perfecta entre estilo y fiabilidad. El&hellip;&nbsp;Llegiu m\u00e9s &raquo;Ficha t\u00e9cnica: 120 Elite Sotabanco\" \/>\n<meta property=\"og:url\" content=\"https:\/\/aigua.eu\/ca\/ficha-tecnica-120-elite-sotabanco\/\" \/>\n<meta property=\"og:site_name\" content=\"Aigua | Transforma tu agua para un hogar m\u00e1s saludable\" \/>\n<meta property=\"article:modified_time\" content=\"2023-09-23T20:47:46+00:00\" \/>\n<meta property=\"og:image\" content=\"http:\/\/aigua.eu\/wp-content\/uploads\/2023\/09\/120-sotabanco.png\" \/>\n<meta name=\"twitter:card\" content=\"summary_large_image\" \/>\n<meta name=\"twitter:label1\" content=\"Temps estimat de lectura\" \/>\n\t<meta name=\"twitter:data1\" content=\"2 minuts\" \/>\n<script type=\"application\/ld+json\" class=\"yoast-schema-graph\">{\"@context\":\"https:\/\/schema.org\",\"@graph\":[{\"@type\":\"WebPage\",\"@id\":\"https:\/\/aigua.eu\/es\/ficha-tecnica-120-elite-sotabanco\/\",\"url\":\"https:\/\/aigua.eu\/es\/ficha-tecnica-120-elite-sotabanco\/\",\"name\":\"Ficha t\u00e9cnica: 120 Elite Sotabanco - Aigua | Transforma tu agua para un hogar m\u00e1s saludable\",\"isPartOf\":{\"@id\":\"https:\/\/aigua.eu\/es\/#website\"},\"datePublished\":\"2023-09-23T20:46:04+00:00\",\"dateModified\":\"2023-09-23T20:47:46+00:00\",\"breadcrumb\":{\"@id\":\"https:\/\/aigua.eu\/es\/ficha-tecnica-120-elite-sotabanco\/#breadcrumb\"},\"inLanguage\":\"ca\",\"potentialAction\":[{\"@type\":\"ReadAction\",\"target\":[\"https:\/\/aigua.eu\/es\/ficha-tecnica-120-elite-sotabanco\/\"]}]},{\"@type\":\"BreadcrumbList\",\"@id\":\"https:\/\/aigua.eu\/es\/ficha-tecnica-120-elite-sotabanco\/#breadcrumb\",\"itemListElement\":[{\"@type\":\"ListItem\",\"position\":1,\"name\":\"Portada\",\"item\":\"https:\/\/aigua.eu\/\"},{\"@type\":\"ListItem\",\"position\":2,\"name\":\"Ficha t\u00e9cnica: 120 Elite Sotabanco\"}]},{\"@type\":\"WebSite\",\"@id\":\"https:\/\/aigua.eu\/es\/#website\",\"url\":\"https:\/\/aigua.eu\/es\/\",\"name\":\"Aigua | Transforma tu agua para un hogar m\u00e1s saludable\",\"description\":\"Conf\u00eda en Aigua para la b\u00fasqueda de agua m\u00e1s limpia y saludable para tu hogar. En un mundo donde el acceso a agua de calidad es esencial, estamos aqu\u00ed para brindarte soluciones de vanguardia en m\u00e1quinas de tratamiento de agua dise\u00f1adas espec\u00edficamente para uso dom\u00e9stico.\",\"potentialAction\":[{\"@type\":\"SearchAction\",\"target\":{\"@type\":\"EntryPoint\",\"urlTemplate\":\"https:\/\/aigua.eu\/es\/?s={search_term_string}\"},\"query-input\":\"required name=search_term_string\"}],\"inLanguage\":\"ca\"}]}<\/script>\n<!-- \/ Yoast SEO plugin. -->","yoast_head_json":{"title":"Ficha t\u00e9cnica: 120 Elite Sotabanco - Aigua | Transforma tu agua para un hogar m\u00e1s saludable","robots":{"index":"index","follow":"follow","max-snippet":"max-snippet:-1","max-image-preview":"max-image-preview:large","max-video-preview":"max-video-preview:-1"},"canonical":"https:\/\/aigua.eu\/ca\/ficha-tecnica-120-elite-sotabanco\/","og_locale":"ca_ES","og_type":"article","og_title":"Ficha t\u00e9cnica: 120 Elite Sotabanco - Aigua | Transforma tu agua para un hogar m\u00e1s saludable","og_description":"Home 120 Elite Sotabanco La serie 60 y 120\u00a0son m\u00e1quinas fabricadas para ofrecer un alto rendimiento en el sector horeca. Su tama\u00f1o compacto las hacen perfectas para soportar el alto estr\u00e9s de demanda tanto en bares como en restaurantes y hoteles. El dise\u00f1o de estos dispensadores es una mezcla perfecta entre estilo y fiabilidad. El&hellip;&nbsp;Llegiu m\u00e9s &raquo;Ficha t\u00e9cnica: 120 Elite Sotabanco","og_url":"https:\/\/aigua.eu\/ca\/ficha-tecnica-120-elite-sotabanco\/","og_site_name":"Aigua | Transforma tu agua para un hogar m\u00e1s saludable","article_modified_time":"2023-09-23T20:47:46+00:00","og_image":[{"url":"http:\/\/aigua.eu\/wp-content\/uploads\/2023\/09\/120-sotabanco.png"}],"twitter_card":"summary_large_image","twitter_misc":{"Temps estimat de lectura":"2 minuts"},"schema":{"@context":"https:\/\/schema.org","@graph":[{"@type":"WebPage","@id":"https:\/\/aigua.eu\/es\/ficha-tecnica-120-elite-sotabanco\/","url":"https:\/\/aigua.eu\/es\/ficha-tecnica-120-elite-sotabanco\/","name":"Ficha t\u00e9cnica: 120 Elite Sotabanco - Aigua | Transforma tu agua para un hogar m\u00e1s saludable","isPartOf":{"@id":"https:\/\/aigua.eu\/es\/#website"},"datePublished":"2023-09-23T20:46:04+00:00","dateModified":"2023-09-23T20:47:46+00:00","breadcrumb":{"@id":"https:\/\/aigua.eu\/es\/ficha-tecnica-120-elite-sotabanco\/#breadcrumb"},"inLanguage":"ca","potentialAction":[{"@type":"ReadAction","target":["https:\/\/aigua.eu\/es\/ficha-tecnica-120-elite-sotabanco\/"]}]},{"@type":"BreadcrumbList","@id":"https:\/\/aigua.eu\/es\/ficha-tecnica-120-elite-sotabanco\/#breadcrumb","itemListElement":[{"@type":"ListItem","position":1,"name":"Portada","item":"https:\/\/aigua.eu\/"},{"@type":"ListItem","position":2,"name":"Ficha t\u00e9cnica: 120 Elite Sotabanco"}]},{"@type":"WebSite","@id":"https:\/\/aigua.eu\/es\/#website","url":"https:\/\/aigua.eu\/es\/","name":"Aigua | Transforma tu agua para un hogar m\u00e1s saludable","description":"Conf\u00eda en Aigua para la b\u00fasqueda de agua m\u00e1s limpia y saludable para tu hogar. En un mundo donde el acceso a agua de calidad es esencial, estamos aqu\u00ed para brindarte soluciones de vanguardia en m\u00e1quinas de tratamiento de agua dise\u00f1adas espec\u00edficamente para uso dom\u00e9stico.","potentialAction":[{"@type":"SearchAction","target":{"@type":"EntryPoint","urlTemplate":"https:\/\/aigua.eu\/es\/?s={search_term_string}"},"query-input":"required name=search_term_string"}],"inLanguage":"ca"}]}},"_links":{"self":[{"href":"https:\/\/aigua.eu\/ca\/wp-json\/wp\/v2\/pages\/436","targetHints":{"allow":["GET"]}}],"collection":[{"href":"https:\/\/aigua.eu\/ca\/wp-json\/wp\/v2\/pages"}],"about":[{"href":"https:\/\/aigua.eu\/ca\/wp-json\/wp\/v2\/types\/page"}],"author":[{"embeddable":true,"href":"https:\/\/aigua.eu\/ca\/wp-json\/wp\/v2\/users\/1"}],"replies":[{"embeddable":true,"href":"https:\/\/aigua.eu\/ca\/wp-json\/wp\/v2\/comments?post=436"}],"version-history":[{"count":4,"href":"https:\/\/aigua.eu\/ca\/wp-json\/wp\/v2\/pages\/436\/revisions"}],"predecessor-version":[{"id":442,"href":"https:\/\/aigua.eu\/ca\/wp-json\/wp\/v2\/pages\/436\/revisions\/442"}],"wp:attachment":[{"href":"https:\/\/aigua.eu\/ca\/wp-json\/wp\/v2\/media?parent=436"}],"curies":[{"name":"wp","href":"https:\/\/api.w.org\/{rel}","templated":true}]}}