{"id":338,"date":"2023-09-23T19:05:06","date_gmt":"2023-09-23T17:05:06","guid":{"rendered":"https:\/\/nutriwater.ultbit.com\/?page_id=338"},"modified":"2023-09-23T19:06:18","modified_gmt":"2023-09-23T17:06:18","slug":"ficha-tecnica-ecologik","status":"publish","type":"page","link":"https:\/\/aigua.eu\/ca\/ficha-tecnica-ecologik\/","title":{"rendered":"Fitxa t\u00e8cnica: EcoLogik"},"content":{"rendered":"<div data-elementor-type=\"wp-page\" data-elementor-id=\"338\" class=\"elementor elementor-338\">\n\t\t\t\t\t\t\t\t\t<section class=\"elementor-section elementor-top-section elementor-element elementor-element-5af7978c elementor-section-boxed elementor-section-height-default elementor-section-height-default\" data-id=\"5af7978c\" data-element_type=\"section\" data-settings=\"{&quot;background_background&quot;:&quot;classic&quot;}\">\n\t\t\t\t\t\t\t<div class=\"elementor-background-overlay\"><\/div>\n\t\t\t\t\t\t\t<div class=\"elementor-container elementor-column-gap-default\">\n\t\t\t\t\t<div class=\"elementor-column elementor-col-100 elementor-top-column elementor-element elementor-element-4f5b9a0f\" data-id=\"4f5b9a0f\" data-element_type=\"column\">\n\t\t\t<div class=\"elementor-widget-wrap elementor-element-populated\">\n\t\t\t\t\t\t\t\t<section class=\"elementor-section elementor-inner-section elementor-element elementor-element-21f2f82d elementor-section-boxed elementor-section-height-default elementor-section-height-default\" data-id=\"21f2f82d\" data-element_type=\"section\">\n\t\t\t\t\t\t<div class=\"elementor-container elementor-column-gap-default\">\n\t\t\t\t\t<div class=\"elementor-column elementor-col-100 elementor-inner-column elementor-element elementor-element-4545ce5b\" data-id=\"4545ce5b\" data-element_type=\"column\">\n\t\t\t<div class=\"elementor-widget-wrap elementor-element-populated\">\n\t\t\t\t\t\t\t\t<div class=\"elementor-element elementor-element-29493d46 elementor-icon-list--layout-inline elementor-align-center elementor-list-item-link-full_width elementor-widget elementor-widget-icon-list\" data-id=\"29493d46\" data-element_type=\"widget\" data-widget_type=\"icon-list.default\">\n\t\t\t\t<div class=\"elementor-widget-container\">\n\t\t\t<link rel=\"stylesheet\" href=\"https:\/\/aigua.eu\/wp-content\/plugins\/elementor\/assets\/css\/widget-icon-list.min.css\">\t\t<ul class=\"elementor-icon-list-items elementor-inline-items\">\n\t\t\t\t\t\t\t<li class=\"elementor-icon-list-item elementor-inline-item\">\n\t\t\t\t\t\t\t\t\t\t<span class=\"elementor-icon-list-text\">Casa<\/span>\n\t\t\t\t\t\t\t\t\t<\/li>\n\t\t\t\t\t\t\t\t<li class=\"elementor-icon-list-item elementor-inline-item\">\n\t\t\t\t\t\t\t\t\t\t\t<span class=\"elementor-icon-list-icon\">\n\t\t\t\t\t\t\t<i aria-hidden=\"true\" class=\"fas fa-chevron-circle-right\"><\/i>\t\t\t\t\t\t<\/span>\n\t\t\t\t\t\t\t\t\t\t<span class=\"elementor-icon-list-text\">Fitxa t\u00e8cnica: EcoLogik<\/span>\n\t\t\t\t\t\t\t\t\t<\/li>\n\t\t\t\t\t\t<\/ul>\n\t\t\t\t<\/div>\n\t\t\t\t<\/div>\n\t\t\t\t<div class=\"elementor-element elementor-element-1867bd13 elementor-invisible elementor-widget elementor-widget-heading\" data-id=\"1867bd13\" data-element_type=\"widget\" data-settings=\"{&quot;_animation&quot;:&quot;fadeInUp&quot;}\" data-widget_type=\"heading.default\">\n\t\t\t\t<div class=\"elementor-widget-container\">\n\t\t\t<style>\/*! elementor - v3.16.0 - 09-10-2023 *\/\n.elementor-heading-title{padding:0;margin:0;line-height:1}.elementor-widget-heading .elementor-heading-title[class*=elementor-size-]>a{color:inherit;font-size:inherit;line-height:inherit}.elementor-widget-heading .elementor-heading-title.elementor-size-small{font-size:15px}.elementor-widget-heading .elementor-heading-title.elementor-size-medium{font-size:19px}.elementor-widget-heading .elementor-heading-title.elementor-size-large{font-size:29px}.elementor-widget-heading .elementor-heading-title.elementor-size-xl{font-size:39px}.elementor-widget-heading .elementor-heading-title.elementor-size-xxl{font-size:59px}<\/style><h2 class=\"elementor-heading-title elementor-size-default\">Fitxa t\u00e8cnica: EcoLogik<\/h2>\t\t<\/div>\n\t\t\t\t<\/div>\n\t\t\t\t\t<\/div>\n\t\t<\/div>\n\t\t\t\t\t\t\t<\/div>\n\t\t<\/section>\n\t\t\t\t\t<\/div>\n\t\t<\/div>\n\t\t\t\t\t\t\t<\/div>\n\t\t<\/section>\n\t\t\t\t<section class=\"elementor-section elementor-top-section elementor-element elementor-element-6853a16 elementor-section-content-middle elementor-section-boxed elementor-section-height-default elementor-section-height-default\" data-id=\"6853a16\" data-element_type=\"section\">\n\t\t\t\t\t\t\t<div class=\"elementor-background-overlay\"><\/div>\n\t\t\t\t\t\t\t<div class=\"elementor-container elementor-column-gap-default\">\n\t\t\t\t\t<div class=\"elementor-column elementor-col-50 elementor-top-column elementor-element elementor-element-3c8994ab\" data-id=\"3c8994ab\" data-element_type=\"column\">\n\t\t\t<div class=\"elementor-widget-wrap elementor-element-populated\">\n\t\t\t\t\t\t\t\t<div class=\"elementor-element elementor-element-09e0335 elementor-widget elementor-widget-image\" data-id=\"09e0335\" data-element_type=\"widget\" data-widget_type=\"image.default\">\n\t\t\t\t<div class=\"elementor-widget-container\">\n\t\t\t<style>\/*! elementor - v3.16.0 - 09-10-2023 *\/\n.elementor-widget-image{text-align:center}.elementor-widget-image a{display:inline-block}.elementor-widget-image a img[src$=\".svg\"]{width:48px}.elementor-widget-image img{vertical-align:middle;display:inline-block}<\/style>\t\t\t\t\t\t\t\t\t\t\t\t<img loading=\"lazy\" decoding=\"async\" width=\"533\" height=\"276\" src=\"https:\/\/aigua.eu\/wp-content\/uploads\/2023\/09\/ecologik.png\" class=\"attachment-large size-large wp-image-340\" alt=\"\" srcset=\"https:\/\/aigua.eu\/wp-content\/uploads\/2023\/09\/ecologik.png 533w, https:\/\/aigua.eu\/wp-content\/uploads\/2023\/09\/ecologik-300x155.png 300w\" sizes=\"auto, (max-width: 533px) 100vw, 533px\" \/>\t\t\t\t\t\t\t\t\t\t\t\t\t\t\t<\/div>\n\t\t\t\t<\/div>\n\t\t\t\t<div class=\"elementor-element elementor-element-1735ca0 elementor-widget elementor-widget-image\" data-id=\"1735ca0\" data-element_type=\"widget\" data-widget_type=\"image.default\">\n\t\t\t\t<div class=\"elementor-widget-container\">\n\t\t\t\t\t\t\t\t\t\t\t\t\t\t\t<img loading=\"lazy\" decoding=\"async\" width=\"447\" height=\"75\" src=\"https:\/\/aigua.eu\/wp-content\/uploads\/2023\/09\/ecologik-logo.png\" class=\"attachment-large size-large wp-image-341\" alt=\"\" srcset=\"https:\/\/aigua.eu\/wp-content\/uploads\/2023\/09\/ecologik-logo.png 447w, https:\/\/aigua.eu\/wp-content\/uploads\/2023\/09\/ecologik-logo-300x50.png 300w\" sizes=\"auto, (max-width: 447px) 100vw, 447px\" \/>\t\t\t\t\t\t\t\t\t\t\t\t\t\t\t<\/div>\n\t\t\t\t<\/div>\n\t\t\t\t\t<\/div>\n\t\t<\/div>\n\t\t\t\t<div class=\"elementor-column elementor-col-50 elementor-top-column elementor-element elementor-element-53fdb0be elementor-invisible\" data-id=\"53fdb0be\" data-element_type=\"column\" data-settings=\"{&quot;animation&quot;:&quot;fadeInLeft&quot;}\">\n\t\t\t<div class=\"elementor-widget-wrap elementor-element-populated\">\n\t\t\t\t\t\t\t\t<div class=\"elementor-element elementor-element-51d5c616 elementor-widget elementor-widget-heading\" data-id=\"51d5c616\" data-element_type=\"widget\" data-widget_type=\"heading.default\">\n\t\t\t\t<div class=\"elementor-widget-container\">\n\t\t\t<h2 class=\"elementor-heading-title elementor-size-default\">EcoLogik<\/h2>\t\t<\/div>\n\t\t\t\t<\/div>\n\t\t\t\t<div class=\"elementor-element elementor-element-4c1e7136 elementor-widget elementor-widget-text-editor\" data-id=\"4c1e7136\" data-element_type=\"widget\" data-widget_type=\"text-editor.default\">\n\t\t\t\t<div class=\"elementor-widget-container\">\n\t\t\t<style>\/*! elementor - v3.16.0 - 09-10-2023 *\/\n.elementor-widget-text-editor.elementor-drop-cap-view-stacked .elementor-drop-cap{background-color:#69727d;color:#fff}.elementor-widget-text-editor.elementor-drop-cap-view-framed .elementor-drop-cap{color:#69727d;border:3px solid;background-color:transparent}.elementor-widget-text-editor:not(.elementor-drop-cap-view-default) .elementor-drop-cap{margin-top:8px}.elementor-widget-text-editor:not(.elementor-drop-cap-view-default) .elementor-drop-cap-letter{width:1em;height:1em}.elementor-widget-text-editor .elementor-drop-cap{float:left;text-align:center;line-height:1;font-size:50px}.elementor-widget-text-editor .elementor-drop-cap-letter{display:inline-block}<\/style>\t\t\t\t<p><strong>L&#039;OXIGEN ACTIU \u00e9s una mol\u00e8cula formada per tres \u00e0toms d&#039;oxigen.<\/strong>\u00a0Es troba de forma natural a l&#039;atmosfera i forma una capa de\u00a0<strong>L&#039;OZ\u00d3<\/strong>\u00a0que protegeix la vida en el planeta, que filtra els raigs ultraviolats del sol que s\u00f3n perjudicials per als \u00e9ssers humans, animals i plantes. \u00c9s l&#039;agent m\u00e9s comburent (despr\u00e9s de fluorine a l&#039;abast de l&#039;home, a m\u00e9s de ser un poder\u00f3s desinfectant, blanqueig, neteja i desodorant.\u00a0<strong>\u00c9S EL DESINFECTANT D&#039;ECO-FRIENDLY M\u00c9S POTENT DEL M\u00d3N.<\/strong>\u00a0Destrueix els g\u00e8rmens, bacteris i fongs m\u00e9s r\u00e0pid que el clor. Tamb\u00e9 t\u00e9 efecte sobre el desodorant, perqu\u00e8 destrueix les subst\u00e0ncies de les quals emanen les males olors. A causa de la seva\u00a0<strong>GRAN CAPACITAT DESTRUCTIVA (oxidant) d&#039;OXIGEN ACTIU<\/strong>\u00a0i per la rapidesa amb qu\u00e8 es dispersa el seu tercer \u00e0tom convertint-se en oxigen (O2) es fa servir amb seguretat absoluta, amb uns resultats \u00f2ptims i molt m\u00e9s fiables que els obtinguts amb altres productes qu\u00edmics.<\/p><p><strong>EcoLogik<\/strong>\u00a0\u00e9s f\u00e0cil d&#039;utilitzar, pr\u00e0ctic, la seva instal\u00b7laci\u00f3 \u00e9s simple, eficient, net, desinfectant, descaler, saludable, ecol\u00f2gic, econ\u00f2mic, modern, tecnologia... etc, a M\u00e9s de l&#039;estalvi en el consum d&#039;electricitat, ja no comprar productes qu\u00edmics de neteja i detergents perjudicials per a la salut i el medi ambient.<\/p><p><strong>Segons un estudi realitzat per l&#039;institut Nacional d&#039;Estad\u00edstica, una fam\u00edlia mitjana gasta en els diferents productes de neteja al voltant de 37\u20ac per mes. Amb EcoLogik estalviar\u00e0 uns 450\u20ac per any i amb el Kit, Volandera altres 450\u20ac gr\u00e0cies a l&#039;estalvi d&#039;energia i una part important en els detergents.\u00a0<\/strong><\/p>\t\t\t\t\t\t<\/div>\n\t\t\t\t<\/div>\n\t\t\t\t<div class=\"elementor-element elementor-element-5e8542f8 elementor-widget elementor-widget-button\" data-id=\"5e8542f8\" data-element_type=\"widget\" data-widget_type=\"button.default\">\n\t\t\t\t<div class=\"elementor-widget-container\">\n\t\t\t\t\t<div class=\"elementor-button-wrapper\">\n\t\t\t<a class=\"elementor-button elementor-button-link elementor-size-md\" href=\"https:\/\/aigua.eu\/ca\/contacto\/\">\n\t\t\t\t\t\t<span class=\"elementor-button-content-wrapper\">\n\t\t\t\t\t\t<span class=\"elementor-button-text\">Contacte amb nosaltres<\/span>\n\t\t<\/span>\n\t\t\t\t\t<\/a>\n\t\t<\/div>\n\t\t\t\t<\/div>\n\t\t\t\t<\/div>\n\t\t\t\t\t<\/div>\n\t\t<\/div>\n\t\t\t\t\t\t\t<\/div>\n\t\t<\/section>\n\t\t\t\t<section class=\"elementor-section elementor-top-section elementor-element elementor-element-962309c elementor-section-content-middle elementor-section-boxed elementor-section-height-default elementor-section-height-default\" data-id=\"962309c\" data-element_type=\"section\" data-settings=\"{&quot;background_background&quot;:&quot;classic&quot;}\">\n\t\t\t\t\t\t\t<div class=\"elementor-background-overlay\"><\/div>\n\t\t\t\t\t\t\t<div class=\"elementor-container elementor-column-gap-default\">\n\t\t\t\t\t<div class=\"elementor-column elementor-col-100 elementor-top-column elementor-element elementor-element-e234e8f elementor-invisible\" data-id=\"e234e8f\" data-element_type=\"column\" data-settings=\"{&quot;animation&quot;:&quot;fadeInLeft&quot;}\">\n\t\t\t<div class=\"elementor-widget-wrap elementor-element-populated\">\n\t\t\t\t\t\t\t\t<div class=\"elementor-element elementor-element-4b8adb2 elementor-widget elementor-widget-image\" data-id=\"4b8adb2\" data-element_type=\"widget\" data-widget_type=\"image.default\">\n\t\t\t\t<div class=\"elementor-widget-container\">\n\t\t\t\t\t\t\t\t\t\t\t\t\t\t\t<img loading=\"lazy\" decoding=\"async\" width=\"748\" height=\"365\" src=\"https:\/\/aigua.eu\/wp-content\/uploads\/2023\/09\/espec.png\" class=\"attachment-large size-large wp-image-342\" alt=\"\" srcset=\"https:\/\/aigua.eu\/wp-content\/uploads\/2023\/09\/espec.png 748w, https:\/\/aigua.eu\/wp-content\/uploads\/2023\/09\/espec-300x146.png 300w\" sizes=\"auto, (max-width: 748px) 100vw, 748px\" \/>\t\t\t\t\t\t\t\t\t\t\t\t\t\t\t<\/div>\n\t\t\t\t<\/div>\n\t\t\t\t\t<\/div>\n\t\t<\/div>\n\t\t\t\t\t\t\t<\/div>\n\t\t<\/section>\n\t\t\t\t\t\t\t<\/div>","protected":false},"excerpt":{"rendered":"<p>Home EcoLogik EL OX\u00cdGENO ACTIVO es una mol\u00e9cula compuesta por tres \u00e1tomos de ox\u00edgeno.\u00a0Se encuentra de manera natural en la atm\u00f3sfera y forma la capa de\u00a0OZONO\u00a0la cual protege la vida en el planeta, pues filtra los rayos ultravioletas del sol que son perjudiciales para los seres humanos, animales y plantas. Es el agente m\u00e1s oxidante&hellip;&nbsp;<a href=\"https:\/\/aigua.eu\/ca\/ficha-tecnica-ecologik\/\" class=\"\" rel=\"bookmark\">Llegiu m\u00e9s &raquo;<span class=\"screen-reader-text\">Fitxa t\u00e8cnica: EcoLogik<\/span><\/a><\/p>","protected":false},"author":1,"featured_media":0,"parent":0,"menu_order":0,"comment_status":"closed","ping_status":"closed","template":"page-templates\/template-pagebuilder-full-width.php","meta":{"neve_meta_sidebar":"","neve_meta_container":"","neve_meta_enable_content_width":"off","neve_meta_content_width":100,"neve_meta_title_alignment":"","neve_meta_author_avatar":"","neve_post_elements_order":"","neve_meta_disable_header":"","neve_meta_disable_footer":"","neve_meta_disable_title":"","footnotes":""},"class_list":["post-338","page","type-page","status-publish","hentry"],"yoast_head":"<!-- This site is optimized with the Yoast SEO plugin v21.4 - https:\/\/yoast.com\/wordpress\/plugins\/seo\/ -->\n<title>Ficha t\u00e9cnica: EcoLogik - Aigua<\/title>\n<meta name=\"robots\" content=\"index, follow, max-snippet:-1, max-image-preview:large, max-video-preview:-1\" \/>\n<link rel=\"canonical\" href=\"https:\/\/aigua.eu\/ca\/ficha-tecnica-ecologik\/\" \/>\n<meta property=\"og:locale\" content=\"ca_ES\" \/>\n<meta property=\"og:type\" content=\"article\" \/>\n<meta property=\"og:title\" content=\"Ficha t\u00e9cnica: EcoLogik - Aigua\" \/>\n<meta property=\"og:description\" content=\"Home EcoLogik EL OX\u00cdGENO ACTIVO es una mol\u00e9cula compuesta por tres \u00e1tomos de ox\u00edgeno.\u00a0Se encuentra de manera natural en la atm\u00f3sfera y forma la capa de\u00a0OZONO\u00a0la cual protege la vida en el planeta, pues filtra los rayos ultravioletas del sol que son perjudiciales para los seres humanos, animales y plantas. Es el agente m\u00e1s oxidante&hellip;&nbsp;Llegiu m\u00e9s &raquo;Ficha t\u00e9cnica: EcoLogik\" \/>\n<meta property=\"og:url\" content=\"https:\/\/aigua.eu\/ca\/ficha-tecnica-ecologik\/\" \/>\n<meta property=\"og:site_name\" content=\"Aigua | Transforma tu agua para un hogar m\u00e1s saludable\" \/>\n<meta property=\"article:modified_time\" content=\"2023-09-23T17:06:18+00:00\" \/>\n<meta property=\"og:image\" content=\"http:\/\/aigua.eu\/wp-content\/uploads\/2023\/09\/ecologik.png\" \/>\n<meta name=\"twitter:card\" content=\"summary_large_image\" \/>\n<meta name=\"twitter:label1\" content=\"Temps estimat de lectura\" \/>\n\t<meta name=\"twitter:data1\" content=\"1 minut\" \/>\n<script type=\"application\/ld+json\" class=\"yoast-schema-graph\">{\"@context\":\"https:\/\/schema.org\",\"@graph\":[{\"@type\":\"WebPage\",\"@id\":\"https:\/\/aigua.eu\/es\/ficha-tecnica-ecologik\/\",\"url\":\"https:\/\/aigua.eu\/es\/ficha-tecnica-ecologik\/\",\"name\":\"Ficha t\u00e9cnica: EcoLogik - Aigua\",\"isPartOf\":{\"@id\":\"https:\/\/aigua.eu\/es\/#website\"},\"datePublished\":\"2023-09-23T17:05:06+00:00\",\"dateModified\":\"2023-09-23T17:06:18+00:00\",\"breadcrumb\":{\"@id\":\"https:\/\/aigua.eu\/es\/ficha-tecnica-ecologik\/#breadcrumb\"},\"inLanguage\":\"ca\",\"potentialAction\":[{\"@type\":\"ReadAction\",\"target\":[\"https:\/\/aigua.eu\/es\/ficha-tecnica-ecologik\/\"]}]},{\"@type\":\"BreadcrumbList\",\"@id\":\"https:\/\/aigua.eu\/es\/ficha-tecnica-ecologik\/#breadcrumb\",\"itemListElement\":[{\"@type\":\"ListItem\",\"position\":1,\"name\":\"Portada\",\"item\":\"https:\/\/aigua.eu\/\"},{\"@type\":\"ListItem\",\"position\":2,\"name\":\"Ficha t\u00e9cnica: EcoLogik\"}]},{\"@type\":\"WebSite\",\"@id\":\"https:\/\/aigua.eu\/es\/#website\",\"url\":\"https:\/\/aigua.eu\/es\/\",\"name\":\"Aigua | Transforma tu agua para un hogar m\u00e1s saludable\",\"description\":\"Conf\u00eda en Aigua para la b\u00fasqueda de agua m\u00e1s limpia y saludable para tu hogar. En un mundo donde el acceso a agua de calidad es esencial, estamos aqu\u00ed para brindarte soluciones de vanguardia en m\u00e1quinas de tratamiento de agua dise\u00f1adas espec\u00edficamente para uso dom\u00e9stico.\",\"potentialAction\":[{\"@type\":\"SearchAction\",\"target\":{\"@type\":\"EntryPoint\",\"urlTemplate\":\"https:\/\/aigua.eu\/es\/?s={search_term_string}\"},\"query-input\":\"required name=search_term_string\"}],\"inLanguage\":\"ca\"}]}<\/script>\n<!-- \/ Yoast SEO plugin. -->","yoast_head_json":{"title":"Ficha t\u00e9cnica: EcoLogik - Aigua","robots":{"index":"index","follow":"follow","max-snippet":"max-snippet:-1","max-image-preview":"max-image-preview:large","max-video-preview":"max-video-preview:-1"},"canonical":"https:\/\/aigua.eu\/ca\/ficha-tecnica-ecologik\/","og_locale":"ca_ES","og_type":"article","og_title":"Ficha t\u00e9cnica: EcoLogik - Aigua","og_description":"Home EcoLogik EL OX\u00cdGENO ACTIVO es una mol\u00e9cula compuesta por tres \u00e1tomos de ox\u00edgeno.\u00a0Se encuentra de manera natural en la atm\u00f3sfera y forma la capa de\u00a0OZONO\u00a0la cual protege la vida en el planeta, pues filtra los rayos ultravioletas del sol que son perjudiciales para los seres humanos, animales y plantas. Es el agente m\u00e1s oxidante&hellip;&nbsp;Llegiu m\u00e9s &raquo;Ficha t\u00e9cnica: EcoLogik","og_url":"https:\/\/aigua.eu\/ca\/ficha-tecnica-ecologik\/","og_site_name":"Aigua | Transforma tu agua para un hogar m\u00e1s saludable","article_modified_time":"2023-09-23T17:06:18+00:00","og_image":[{"url":"http:\/\/aigua.eu\/wp-content\/uploads\/2023\/09\/ecologik.png"}],"twitter_card":"summary_large_image","twitter_misc":{"Temps estimat de lectura":"1 minut"},"schema":{"@context":"https:\/\/schema.org","@graph":[{"@type":"WebPage","@id":"https:\/\/aigua.eu\/es\/ficha-tecnica-ecologik\/","url":"https:\/\/aigua.eu\/es\/ficha-tecnica-ecologik\/","name":"Ficha t\u00e9cnica: EcoLogik - Aigua","isPartOf":{"@id":"https:\/\/aigua.eu\/es\/#website"},"datePublished":"2023-09-23T17:05:06+00:00","dateModified":"2023-09-23T17:06:18+00:00","breadcrumb":{"@id":"https:\/\/aigua.eu\/es\/ficha-tecnica-ecologik\/#breadcrumb"},"inLanguage":"ca","potentialAction":[{"@type":"ReadAction","target":["https:\/\/aigua.eu\/es\/ficha-tecnica-ecologik\/"]}]},{"@type":"BreadcrumbList","@id":"https:\/\/aigua.eu\/es\/ficha-tecnica-ecologik\/#breadcrumb","itemListElement":[{"@type":"ListItem","position":1,"name":"Portada","item":"https:\/\/aigua.eu\/"},{"@type":"ListItem","position":2,"name":"Ficha t\u00e9cnica: EcoLogik"}]},{"@type":"WebSite","@id":"https:\/\/aigua.eu\/es\/#website","url":"https:\/\/aigua.eu\/es\/","name":"Aigua | Transforma tu agua para un hogar m\u00e1s saludable","description":"Conf\u00eda en Aigua para la b\u00fasqueda de agua m\u00e1s limpia y saludable para tu hogar. En un mundo donde el acceso a agua de calidad es esencial, estamos aqu\u00ed para brindarte soluciones de vanguardia en m\u00e1quinas de tratamiento de agua dise\u00f1adas espec\u00edficamente para uso dom\u00e9stico.","potentialAction":[{"@type":"SearchAction","target":{"@type":"EntryPoint","urlTemplate":"https:\/\/aigua.eu\/es\/?s={search_term_string}"},"query-input":"required name=search_term_string"}],"inLanguage":"ca"}]}},"_links":{"self":[{"href":"https:\/\/aigua.eu\/ca\/wp-json\/wp\/v2\/pages\/338","targetHints":{"allow":["GET"]}}],"collection":[{"href":"https:\/\/aigua.eu\/ca\/wp-json\/wp\/v2\/pages"}],"about":[{"href":"https:\/\/aigua.eu\/ca\/wp-json\/wp\/v2\/types\/page"}],"author":[{"embeddable":true,"href":"https:\/\/aigua.eu\/ca\/wp-json\/wp\/v2\/users\/1"}],"replies":[{"embeddable":true,"href":"https:\/\/aigua.eu\/ca\/wp-json\/wp\/v2\/comments?post=338"}],"version-history":[{"count":4,"href":"https:\/\/aigua.eu\/ca\/wp-json\/wp\/v2\/pages\/338\/revisions"}],"predecessor-version":[{"id":345,"href":"https:\/\/aigua.eu\/ca\/wp-json\/wp\/v2\/pages\/338\/revisions\/345"}],"wp:attachment":[{"href":"https:\/\/aigua.eu\/ca\/wp-json\/wp\/v2\/media?parent=338"}],"curies":[{"name":"wp","href":"https:\/\/api.w.org\/{rel}","templated":true}]}}