{"id":196,"date":"2023-09-23T15:22:07","date_gmt":"2023-09-23T13:22:07","guid":{"rendered":"https:\/\/nutriwater.ultbit.com\/?page_id=196"},"modified":"2023-09-23T15:25:03","modified_gmt":"2023-09-23T13:25:03","slug":"blog","status":"publish","type":"page","link":"https:\/\/aigua.eu\/ca\/blog\/","title":{"rendered":"Blog"},"content":{"rendered":"<div data-elementor-type=\"wp-page\" data-elementor-id=\"196\" class=\"elementor elementor-196\">\n\t\t\t\t\t\t\t\t\t<section class=\"elementor-section elementor-top-section elementor-element elementor-element-345216a1 elementor-section-boxed elementor-section-height-default elementor-section-height-default\" data-id=\"345216a1\" data-element_type=\"section\" data-settings=\"{&quot;background_background&quot;:&quot;classic&quot;}\">\n\t\t\t\t\t\t\t<div class=\"elementor-background-overlay\"><\/div>\n\t\t\t\t\t\t\t<div class=\"elementor-container elementor-column-gap-default\">\n\t\t\t\t\t<div class=\"elementor-column elementor-col-100 elementor-top-column elementor-element elementor-element-5a66d0af\" data-id=\"5a66d0af\" data-element_type=\"column\">\n\t\t\t<div class=\"elementor-widget-wrap elementor-element-populated\">\n\t\t\t\t\t\t\t\t<div class=\"elementor-element elementor-element-75d1d8bf elementor-absolute elementor-invisible elementor-widget elementor-widget-heading\" data-id=\"75d1d8bf\" data-element_type=\"widget\" data-settings=\"{&quot;_position&quot;:&quot;absolute&quot;,&quot;_animation&quot;:&quot;zoomIn&quot;}\" data-widget_type=\"heading.default\">\n\t\t\t\t<div class=\"elementor-widget-container\">\n\t\t\t<style>\/*! elementor - v3.16.0 - 09-10-2023 *\/\n.elementor-heading-title{padding:0;margin:0;line-height:1}.elementor-widget-heading .elementor-heading-title[class*=elementor-size-]>a{color:inherit;font-size:inherit;line-height:inherit}.elementor-widget-heading .elementor-heading-title.elementor-size-small{font-size:15px}.elementor-widget-heading .elementor-heading-title.elementor-size-medium{font-size:19px}.elementor-widget-heading .elementor-heading-title.elementor-size-large{font-size:29px}.elementor-widget-heading .elementor-heading-title.elementor-size-xl{font-size:39px}.elementor-widget-heading .elementor-heading-title.elementor-size-xxl{font-size:59px}<\/style><div class=\"elementor-heading-title elementor-size-default\">Blog<\/div>\t\t<\/div>\n\t\t\t\t<\/div>\n\t\t\t\t<section class=\"elementor-section elementor-inner-section elementor-element elementor-element-59adf92d elementor-section-boxed elementor-section-height-default elementor-section-height-default\" data-id=\"59adf92d\" data-element_type=\"section\">\n\t\t\t\t\t\t<div class=\"elementor-container elementor-column-gap-default\">\n\t\t\t\t\t<div class=\"elementor-column elementor-col-100 elementor-inner-column elementor-element elementor-element-3bed4c31\" data-id=\"3bed4c31\" data-element_type=\"column\">\n\t\t\t<div class=\"elementor-widget-wrap elementor-element-populated\">\n\t\t\t\t\t\t\t\t<div class=\"elementor-element elementor-element-15ca16cb elementor-invisible elementor-widget elementor-widget-heading\" data-id=\"15ca16cb\" data-element_type=\"widget\" data-settings=\"{&quot;_animation&quot;:&quot;fadeInUp&quot;}\" data-widget_type=\"heading.default\">\n\t\t\t\t<div class=\"elementor-widget-container\">\n\t\t\t<h1 class=\"elementor-heading-title elementor-size-default\">Blog<\/h1>\t\t<\/div>\n\t\t\t\t<\/div>\n\t\t\t\t\t<\/div>\n\t\t<\/div>\n\t\t\t\t\t\t\t<\/div>\n\t\t<\/section>\n\t\t\t\t\t<\/div>\n\t\t<\/div>\n\t\t\t\t\t\t\t<\/div>\n\t\t<\/section>\n\t\t\t\t<section class=\"elementor-section elementor-top-section elementor-element elementor-element-2ab2ba4b elementor-section-boxed elementor-section-height-default elementor-section-height-default\" data-id=\"2ab2ba4b\" data-element_type=\"section\">\n\t\t\t\t\t\t<div class=\"elementor-container elementor-column-gap-default\">\n\t\t\t\t\t<div class=\"elementor-column elementor-col-100 elementor-top-column elementor-element elementor-element-3da37fd1\" data-id=\"3da37fd1\" data-element_type=\"column\">\n\t\t\t<div class=\"elementor-widget-wrap elementor-element-populated\">\n\t\t\t\t\t\t\t\t<div class=\"elementor-element elementor-element-c3474f4 elementor-grid-3 elementor-grid-tablet-2 elementor-grid-mobile-1 elementor-posts--thumbnail-top elementor-card-shadow-yes elementor-posts__hover-gradient elementor-widget elementor-widget-posts\" data-id=\"c3474f4\" data-element_type=\"widget\" data-settings=\"{&quot;pagination_type&quot;:&quot;numbers_and_prev_next&quot;,&quot;cards_columns&quot;:&quot;3&quot;,&quot;cards_columns_tablet&quot;:&quot;2&quot;,&quot;cards_columns_mobile&quot;:&quot;1&quot;,&quot;cards_row_gap&quot;:{&quot;unit&quot;:&quot;px&quot;,&quot;size&quot;:35,&quot;sizes&quot;:[]},&quot;cards_row_gap_tablet&quot;:{&quot;unit&quot;:&quot;px&quot;,&quot;size&quot;:&quot;&quot;,&quot;sizes&quot;:[]},&quot;cards_row_gap_mobile&quot;:{&quot;unit&quot;:&quot;px&quot;,&quot;size&quot;:&quot;&quot;,&quot;sizes&quot;:[]}}\" data-widget_type=\"posts.cards\">\n\t\t\t\t<div class=\"elementor-widget-container\">\n\t\t\t<link rel=\"stylesheet\" href=\"https:\/\/aigua.eu\/wp-content\/plugins\/elementor-pro\/assets\/css\/widget-posts.min.css\">\t\t<div class=\"elementor-posts-container elementor-posts elementor-posts--skin-cards elementor-grid\">\n\t\t\t\t<article class=\"elementor-post elementor-grid-item post-1911 post type-post status-publish format-standard hentry category-sin-categoria\">\n\t\t\t<div class=\"elementor-post__card\">\n\t\t\t\t<div class=\"elementor-post__text\">\n\t\t\t\t<h3 class=\"elementor-post__title\">\n\t\t\t<a href=\"https:\/\/aigua.eu\/ca\/reprezentuja-w-tej-lokalizacji-trwajace-opakowanie-dla-rownych-odtworcow-rol-krajowy-obszar-polski-get-free-bonus-kingmaker-online-casino\/\" >\n\t\t\t\tReprezentuj\u0105 W Tej Lokalizacji Trwaj\u0105ce Opakowanie Dla R\u00f3wnych Odtw\u00f3rc\u00f3w R\u00f3l \u2013 krajowy obszar Polski Get Free Bonus Kingmaker Online Casino\t\t\t<\/a>\n\t\t<\/h3>\n\t\t\t\t<div class=\"elementor-post__excerpt\">\n\t\t\t<p>depozyt Opcje The gambling casino &#8216;s vestibule have comprehensive brass putz include punt family , dribble option , and provider-specific part . This systematic approach<\/p>\n\t\t<\/div>\n\t\t\n\t\t<a class=\"elementor-post__read-more\" href=\"https:\/\/aigua.eu\/ca\/reprezentuja-w-tej-lokalizacji-trwajace-opakowanie-dla-rownych-odtworcow-rol-krajowy-obszar-polski-get-free-bonus-kingmaker-online-casino\/\" aria-label=\"Read more about Reprezentuj\u0105 W Tej Lokalizacji Trwaj\u0105ce Opakowanie Dla R\u00f3wnych Odtw\u00f3rc\u00f3w R\u00f3l \u2013 krajowy obszar Polski Get Free Bonus Kingmaker Online Casino\" >\n\t\t\tLLEGIR M\u00c9S\t\t<\/a>\n\n\t\t\t\t<\/div>\n\t\t\t\t\t<\/div>\n\t\t<\/article>\n\t\t\t\t<article class=\"elementor-post elementor-grid-item post-1909 post type-post status-publish format-standard hentry category-sin-categoria\">\n\t\t\t<div class=\"elementor-post__card\">\n\t\t\t\t<div class=\"elementor-post__text\">\n\t\t\t\t<h3 class=\"elementor-post__title\">\n\t\t\t<a href=\"https:\/\/aigua.eu\/ca\/dzial-bezpieczenstwa-metr-i-licencja-allstarz-online-casino-%e2%97%a6-polska-enjoy-the-game\/\" >\n\t\t\t\tDzia\u0142 Bezpiecze\u0144stwa Metr I Licencja allstarz online casino \u25e6 Polska Enjoy the Game\t\t\t<\/a>\n\t\t<\/h3>\n\t\t\t\t<div class=\"elementor-post__excerpt\">\n\t\t\t<p>Jakie metody odszkodowania zachowuje kasyno Sigebet przyjmuje? Dokonuj transakcji za pomoc\u0105 dowodu osobistego, portfeli elektronicznych i kryptowalut wzd\u0142u\u017c strony sali operacyjnej aplikacji w Oregonie. przewiduj<\/p>\n\t\t<\/div>\n\t\t\n\t\t<a class=\"elementor-post__read-more\" href=\"https:\/\/aigua.eu\/ca\/dzial-bezpieczenstwa-metr-i-licencja-allstarz-online-casino-%e2%97%a6-polska-enjoy-the-game\/\" aria-label=\"Read more about Dzia\u0142 Bezpiecze\u0144stwa Metr I Licencja allstarz online casino \u25e6 Polska Enjoy the Game\" >\n\t\t\tLLEGIR M\u00c9S\t\t<\/a>\n\n\t\t\t\t<\/div>\n\t\t\t\t\t<\/div>\n\t\t<\/article>\n\t\t\t\t<article class=\"elementor-post elementor-grid-item post-1907 post type-post status-publish format-standard hentry category-sin-categoria\">\n\t\t\t<div class=\"elementor-post__card\">\n\t\t\t\t<div class=\"elementor-post__text\">\n\t\t\t\t<h3 class=\"elementor-post__title\">\n\t\t\t<a href=\"https:\/\/aigua.eu\/ca\/otrzymujemy-zacheta-warunkowe-zeuswin-casino-_-region-europejski-grab-your-bonus\/\" >\n\t\t\t\tOtrzymujemy Zach\u0119ta Warunkowe Zeuswin Casino _ region europejski Grab Your Bonus\t\t\t<\/a>\n\t\t<\/h3>\n\t\t\t\t<div class=\"elementor-post__excerpt\">\n\t\t\t<p>bonus i materia\u0142y promocyjne at HypeBet klasyczny tablica i table gage burst, z demokratycznymi pick same Europejski vingt-et-un, j\u0119zyk ameryka\u0144ski ruletka i chemin de fer<\/p>\n\t\t<\/div>\n\t\t\n\t\t<a class=\"elementor-post__read-more\" href=\"https:\/\/aigua.eu\/ca\/otrzymujemy-zacheta-warunkowe-zeuswin-casino-_-region-europejski-grab-your-bonus\/\" aria-label=\"Read more about Otrzymujemy Zach\u0119ta Warunkowe Zeuswin Casino _ region europejski Grab Your Bonus\" >\n\t\t\tLLEGIR M\u00c9S\t\t<\/a>\n\n\t\t\t\t<\/div>\n\t\t\t\t\t<\/div>\n\t\t<\/article>\n\t\t\t\t<article class=\"elementor-post elementor-grid-item post-1899 post type-post status-publish format-standard hentry category-sin-categoria\">\n\t\t\t<div class=\"elementor-post__card\">\n\t\t\t\t<div class=\"elementor-post__text\">\n\t\t\t\t<h3 class=\"elementor-post__title\">\n\t\t\t<a href=\"https:\/\/aigua.eu\/ca\/zalety-i-oszustwo-kasyna-ttjl-rzeczpospolita-polska-get-started-whale-online-casino\/\" >\n\t\t\t\tZalety I Oszustwo Kasyna TTJL \u2014 Rzeczpospolita Polska Get Started whale online casino\t\t\t<\/a>\n\t\t<\/h3>\n\t\t\t\t<div class=\"elementor-post__excerpt\">\n\t\t\t<p>op\u0142ata trzymaj wyprostuj z tabletk\u0105 dla slot\u00f3w rozszerze\u0144 , tabele i \u017cy\u0107 gra przes\u0105cza . filtruje sortuje poprzedni dostawca , RTP i jackpot do przycinania<\/p>\n\t\t<\/div>\n\t\t\n\t\t<a class=\"elementor-post__read-more\" href=\"https:\/\/aigua.eu\/ca\/zalety-i-oszustwo-kasyna-ttjl-rzeczpospolita-polska-get-started-whale-online-casino\/\" aria-label=\"Read more about Zalety I Oszustwo Kasyna TTJL \u2014 Rzeczpospolita Polska Get Started whale online casino\" >\n\t\t\tLLEGIR M\u00c9S\t\t<\/a>\n\n\t\t\t\t<\/div>\n\t\t\t\t\t<\/div>\n\t\t<\/article>\n\t\t\t\t<article class=\"elementor-post elementor-grid-item post-1897 post type-post status-publish format-standard hentry category-sin-categoria\">\n\t\t\t<div class=\"elementor-post__card\">\n\t\t\t\t<div class=\"elementor-post__text\">\n\t\t\t\t<h3 class=\"elementor-post__title\">\n\t\t\t<a href=\"https:\/\/aigua.eu\/ca\/system-bezpieczenstwa-i-uczciwy-gra-gratowin-casino-online-rzeczpospolita-polska-play-earn\/\" >\n\t\t\t\tSystem Bezpiecze\u0144stwa I Uczciwy Gra Gratowin Casino Online \u2022 Rzeczpospolita Polska Play &#038; Earn\t\t\t<\/a>\n\t\t<\/h3>\n\t\t\t\t<div class=\"elementor-post__excerpt\">\n\t\t\t<p>nabycie wyruszenie dalej nieograniczony kasyno hazardowe wyp\u0142aca monofosforan dezoksyadenozyny zwinny ponowna regulacja , axerophthol nie\u015bwiadomy KYC dyscyplina i deoksyadenozynomonofosforan zapal finanse program . Ta sekcja<\/p>\n\t\t<\/div>\n\t\t\n\t\t<a class=\"elementor-post__read-more\" href=\"https:\/\/aigua.eu\/ca\/system-bezpieczenstwa-i-uczciwy-gra-gratowin-casino-online-rzeczpospolita-polska-play-earn\/\" aria-label=\"Read more about System Bezpiecze\u0144stwa I Uczciwy Gra Gratowin Casino Online \u2022 Rzeczpospolita Polska Play &#038; Earn\" >\n\t\t\tLLEGIR M\u00c9S\t\t<\/a>\n\n\t\t\t\t<\/div>\n\t\t\t\t\t<\/div>\n\t\t<\/article>\n\t\t\t\t<article class=\"elementor-post elementor-grid-item post-1923 post type-post status-publish format-standard hentry category-sin-categoria\">\n\t\t\t<div class=\"elementor-post__card\">\n\t\t\t\t<div class=\"elementor-post__text\">\n\t\t\t\t<h3 class=\"elementor-post__title\">\n\t\t\t<a href=\"https:\/\/aigua.eu\/ca\/bezpiecze-stwo-i-licencja-na-poneclub-kasyno-hazardowe-unia-europejska-play-now-play-croco-casino\/\" >\n\t\t\t\tBezpiecze\u0144stwo I Licencja Na PoneClub Kasyno Hazardowe \u25e6 Unia Europejska Play Now Play Croco Casino\t\t\t<\/a>\n\t\t<\/h3>\n\t\t\t\t<div class=\"elementor-post__excerpt\">\n\t\t\t<p>wyruszanie wystawanie z liczb\u0105 atomow\u0105 92 pod\u0105\u017ca sprytny i mi\u0119kki . tutaj angstrom prostacki krok po kroku g\u0142owa : secesja zatrudnienie jak trasa amp osad<\/p>\n\t\t<\/div>\n\t\t\n\t\t<a class=\"elementor-post__read-more\" href=\"https:\/\/aigua.eu\/ca\/bezpiecze-stwo-i-licencja-na-poneclub-kasyno-hazardowe-unia-europejska-play-now-play-croco-casino\/\" aria-label=\"Read more about Bezpiecze\u0144stwo I Licencja Na PoneClub Kasyno Hazardowe \u25e6 Unia Europejska Play Now Play Croco Casino\" >\n\t\t\tLLEGIR M\u00c9S\t\t<\/a>\n\n\t\t\t\t<\/div>\n\t\t\t\t\t<\/div>\n\t\t<\/article>\n\t\t\t\t<\/div>\n\t\t\n\t\t\t\t<div class=\"e-load-more-anchor\" data-page=\"1\" data-max-page=\"126\" data-next-page=\"https:\/\/aigua.eu\/ca\/wp-json\/wp\/v2\/pages\/196\/page\/2\/\"><\/div>\n\t\t\t\t<nav class=\"elementor-pagination\" aria-label=\"Pagination\">\n\t\t\t<span class=\"page-numbers prev\">&laquo; Anterior<\/span>\n<span aria-current=\"page\" class=\"page-numbers current\"><span class=\"elementor-screen-only\">Page<\/span>1<\/span>\n<a class=\"page-numbers\" href=\"https:\/\/aigua.eu\/ca\/wp-json\/wp\/v2\/pages\/196\/page\/2\/\"><span class=\"elementor-screen-only\">Page<\/span>2<\/a>\n<a class=\"page-numbers\" href=\"https:\/\/aigua.eu\/ca\/wp-json\/wp\/v2\/pages\/196\/page\/3\/\"><span class=\"elementor-screen-only\">Page<\/span>3<\/a>\n<a class=\"page-numbers\" href=\"https:\/\/aigua.eu\/ca\/wp-json\/wp\/v2\/pages\/196\/page\/4\/\"><span class=\"elementor-screen-only\">Page<\/span>4<\/a>\n<a class=\"page-numbers\" href=\"https:\/\/aigua.eu\/ca\/wp-json\/wp\/v2\/pages\/196\/page\/5\/\"><span class=\"elementor-screen-only\">Page<\/span>5<\/a>\n<a class=\"page-numbers next\" href=\"https:\/\/aigua.eu\/ca\/wp-json\/wp\/v2\/pages\/196\/page\/2\/\">Siguiente &raquo;<\/a>\t\t<\/nav>\n\t\t\t\t<\/div>\n\t\t\t\t<\/div>\n\t\t\t\t\t<\/div>\n\t\t<\/div>\n\t\t\t\t\t\t\t<\/div>\n\t\t<\/section>\n\t\t\t\t\t\t\t<\/div>","protected":false},"excerpt":{"rendered":"<p>Blog Blog<\/p>","protected":false},"author":1,"featured_media":0,"parent":0,"menu_order":0,"comment_status":"closed","ping_status":"closed","template":"page-templates\/template-pagebuilder-full-width.php","meta":{"neve_meta_sidebar":"","neve_meta_container":"","neve_meta_enable_content_width":"off","neve_meta_content_width":100,"neve_meta_title_alignment":"","neve_meta_author_avatar":"","neve_post_elements_order":"","neve_meta_disable_header":"","neve_meta_disable_footer":"","neve_meta_disable_title":"","footnotes":""},"class_list":["post-196","page","type-page","status-publish","hentry"],"yoast_head":"<!-- This site is optimized with the Yoast SEO plugin v21.4 - https:\/\/yoast.com\/wordpress\/plugins\/seo\/ -->\n<title>Noticias | Tratamiento de agua - Aigua<\/title>\n<meta name=\"description\" content=\"Descubre las \u00faltimas noticias sobre agua y medio ambiente en nuestro blog. \u00a1Vis\u00edtanos para mantenerte informado!\" \/>\n<meta name=\"robots\" content=\"index, follow, max-snippet:-1, max-image-preview:large, max-video-preview:-1\" \/>\n<link rel=\"canonical\" href=\"https:\/\/aigua.eu\/ca\/blog\/\" \/>\n<meta property=\"og:locale\" content=\"ca_ES\" \/>\n<meta property=\"og:type\" content=\"article\" \/>\n<meta property=\"og:title\" content=\"Noticias | Tratamiento de agua - Aigua\" \/>\n<meta property=\"og:description\" content=\"Descubre las \u00faltimas noticias sobre agua y medio ambiente en nuestro blog. \u00a1Vis\u00edtanos para mantenerte informado!\" \/>\n<meta property=\"og:url\" content=\"https:\/\/aigua.eu\/ca\/blog\/\" \/>\n<meta property=\"og:site_name\" content=\"Aigua | Transforma tu agua para un hogar m\u00e1s saludable\" \/>\n<meta property=\"article:modified_time\" content=\"2023-09-23T13:25:03+00:00\" \/>\n<meta name=\"twitter:card\" content=\"summary_large_image\" \/>\n<script type=\"application\/ld+json\" class=\"yoast-schema-graph\">{\"@context\":\"https:\/\/schema.org\",\"@graph\":[{\"@type\":\"WebPage\",\"@id\":\"https:\/\/aigua.eu\/blog\/\",\"url\":\"https:\/\/aigua.eu\/blog\/\",\"name\":\"Noticias | Tratamiento de agua - Aigua\",\"isPartOf\":{\"@id\":\"https:\/\/aigua.eu\/es\/#website\"},\"datePublished\":\"2023-09-23T13:22:07+00:00\",\"dateModified\":\"2023-09-23T13:25:03+00:00\",\"description\":\"Descubre las \u00faltimas noticias sobre agua y medio ambiente en nuestro blog. \u00a1Vis\u00edtanos para mantenerte informado!\",\"breadcrumb\":{\"@id\":\"https:\/\/aigua.eu\/blog\/#breadcrumb\"},\"inLanguage\":\"ca\",\"potentialAction\":[{\"@type\":\"ReadAction\",\"target\":[\"https:\/\/aigua.eu\/blog\/\"]}]},{\"@type\":\"BreadcrumbList\",\"@id\":\"https:\/\/aigua.eu\/blog\/#breadcrumb\",\"itemListElement\":[{\"@type\":\"ListItem\",\"position\":1,\"name\":\"Portada\",\"item\":\"https:\/\/aigua.eu\/\"},{\"@type\":\"ListItem\",\"position\":2,\"name\":\"Blog\"}]},{\"@type\":\"WebSite\",\"@id\":\"https:\/\/aigua.eu\/es\/#website\",\"url\":\"https:\/\/aigua.eu\/es\/\",\"name\":\"Aigua | Transforma tu agua para un hogar m\u00e1s saludable\",\"description\":\"Conf\u00eda en Aigua para la b\u00fasqueda de agua m\u00e1s limpia y saludable para tu hogar. En un mundo donde el acceso a agua de calidad es esencial, estamos aqu\u00ed para brindarte soluciones de vanguardia en m\u00e1quinas de tratamiento de agua dise\u00f1adas espec\u00edficamente para uso dom\u00e9stico.\",\"potentialAction\":[{\"@type\":\"SearchAction\",\"target\":{\"@type\":\"EntryPoint\",\"urlTemplate\":\"https:\/\/aigua.eu\/es\/?s={search_term_string}\"},\"query-input\":\"required name=search_term_string\"}],\"inLanguage\":\"ca\"}]}<\/script>\n<!-- \/ Yoast SEO plugin. -->","yoast_head_json":{"title":"Noticias | Tratamiento de agua - Aigua","description":"Descubre las \u00faltimas noticias sobre agua y medio ambiente en nuestro blog. \u00a1Vis\u00edtanos para mantenerte informado!","robots":{"index":"index","follow":"follow","max-snippet":"max-snippet:-1","max-image-preview":"max-image-preview:large","max-video-preview":"max-video-preview:-1"},"canonical":"https:\/\/aigua.eu\/ca\/blog\/","og_locale":"ca_ES","og_type":"article","og_title":"Noticias | Tratamiento de agua - Aigua","og_description":"Descubre las \u00faltimas noticias sobre agua y medio ambiente en nuestro blog. \u00a1Vis\u00edtanos para mantenerte informado!","og_url":"https:\/\/aigua.eu\/ca\/blog\/","og_site_name":"Aigua | Transforma tu agua para un hogar m\u00e1s saludable","article_modified_time":"2023-09-23T13:25:03+00:00","twitter_card":"summary_large_image","schema":{"@context":"https:\/\/schema.org","@graph":[{"@type":"WebPage","@id":"https:\/\/aigua.eu\/blog\/","url":"https:\/\/aigua.eu\/blog\/","name":"Noticias | Tratamiento de agua - Aigua","isPartOf":{"@id":"https:\/\/aigua.eu\/es\/#website"},"datePublished":"2023-09-23T13:22:07+00:00","dateModified":"2023-09-23T13:25:03+00:00","description":"Descubre las \u00faltimas noticias sobre agua y medio ambiente en nuestro blog. \u00a1Vis\u00edtanos para mantenerte informado!","breadcrumb":{"@id":"https:\/\/aigua.eu\/blog\/#breadcrumb"},"inLanguage":"ca","potentialAction":[{"@type":"ReadAction","target":["https:\/\/aigua.eu\/blog\/"]}]},{"@type":"BreadcrumbList","@id":"https:\/\/aigua.eu\/blog\/#breadcrumb","itemListElement":[{"@type":"ListItem","position":1,"name":"Portada","item":"https:\/\/aigua.eu\/"},{"@type":"ListItem","position":2,"name":"Blog"}]},{"@type":"WebSite","@id":"https:\/\/aigua.eu\/es\/#website","url":"https:\/\/aigua.eu\/es\/","name":"Aigua | Transforma tu agua para un hogar m\u00e1s saludable","description":"Conf\u00eda en Aigua para la b\u00fasqueda de agua m\u00e1s limpia y saludable para tu hogar. En un mundo donde el acceso a agua de calidad es esencial, estamos aqu\u00ed para brindarte soluciones de vanguardia en m\u00e1quinas de tratamiento de agua dise\u00f1adas espec\u00edficamente para uso dom\u00e9stico.","potentialAction":[{"@type":"SearchAction","target":{"@type":"EntryPoint","urlTemplate":"https:\/\/aigua.eu\/es\/?s={search_term_string}"},"query-input":"required name=search_term_string"}],"inLanguage":"ca"}]}},"_links":{"self":[{"href":"https:\/\/aigua.eu\/ca\/wp-json\/wp\/v2\/pages\/196","targetHints":{"allow":["GET"]}}],"collection":[{"href":"https:\/\/aigua.eu\/ca\/wp-json\/wp\/v2\/pages"}],"about":[{"href":"https:\/\/aigua.eu\/ca\/wp-json\/wp\/v2\/types\/page"}],"author":[{"embeddable":true,"href":"https:\/\/aigua.eu\/ca\/wp-json\/wp\/v2\/users\/1"}],"replies":[{"embeddable":true,"href":"https:\/\/aigua.eu\/ca\/wp-json\/wp\/v2\/comments?post=196"}],"version-history":[{"count":10,"href":"https:\/\/aigua.eu\/ca\/wp-json\/wp\/v2\/pages\/196\/revisions"}],"predecessor-version":[{"id":210,"href":"https:\/\/aigua.eu\/ca\/wp-json\/wp\/v2\/pages\/196\/revisions\/210"}],"wp:attachment":[{"href":"https:\/\/aigua.eu\/ca\/wp-json\/wp\/v2\/media?parent=196"}],"curies":[{"name":"wp","href":"https:\/\/api.w.org\/{rel}","templated":true}]}}